{"id":1244,"date":"2025-05-15T18:23:02","date_gmt":"2025-05-15T18:23:02","guid":{"rendered":"https:\/\/pharmacy-tlv.com\/?post_type=product&#038;p=1244"},"modified":"2025-09-03T11:50:38","modified_gmt":"2025-09-03T11:50:38","slug":"clorexidina-100ml","status":"publish","type":"product","link":"https:\/\/pharmacy-tlv.com\/pt\/loja\/antissepticos\/clorexidina-100ml\/","title":{"rendered":"Clorexidina 100 ml"},"content":{"rendered":"<p>Clorexidina<\/p>\n<p>Medicina.<\/p>\n<p><strong>Aplicativo<\/strong><\/p>\n<p>Para uso externo em v\u00e1rias doen\u00e7as infecciosas da pele e das membranas mucosas. Usado para a preven\u00e7\u00e3o e o tratamento de infec\u00e7\u00f5es causadas por bact\u00e9rias, v\u00edrus e fungos. Tamb\u00e9m \u00e9 usado para desinfetar m\u00e3os, ferramentas e superf\u00edcies.<\/p>\n<p><strong>Motivo<\/strong><\/p>\n<p>Preven\u00e7\u00e3o e tratamento de infec\u00e7\u00f5es da pele e das membranas mucosas (por exemplo, cortes, queimaduras, arranh\u00f5es, doen\u00e7as dent\u00e1rias).<\/p>\n<p>Desinfec\u00e7\u00e3o de feridas e campos cir\u00fargicos.<\/p>\n<p>Tratamento de infec\u00e7\u00f5es da boca e da garganta (por exemplo, estomatite, gengivite).<\/p>\n<p>Preven\u00e7\u00e3o de infec\u00e7\u00f5es ap\u00f3s interven\u00e7\u00f5es cir\u00fargicas.<\/p>\n<p><strong>Propriedade de tratamento<\/strong><\/p>\n<p>A\u00e7\u00e3o antibacteriana, antiviral e antif\u00fangica.<\/p>\n<p>Eficaz contra a maioria dos microorganismos gram-positivos e gram-negativos.<\/p>\n<p>Usado para prevenir infec\u00e7\u00f5es e tratar feridas.<\/p>\n<p>Desinfeta e limpa as superf\u00edcies de bact\u00e9rias e germes.<\/p>\n<p><strong>Tipo de medicamento<\/strong><\/p>\n<p>Solu\u00e7\u00e3o para uso externo e local.<\/p>\n<p><strong>Fabricante<\/strong><\/p>\n<p>Khimpharm, Cazaquist\u00e3o (ou outro fabricante, dependendo da regi\u00e3o).<\/p>\n<p><strong>Subst\u00e2ncias ativas<\/strong><\/p>\n<p>Bigluconato de clorexidina (subst\u00e2ncia ativa principal).<\/p>\n<div class=\"flex max-w-full flex-col flex-grow\">\n<div class=\"min-h-8 text-message flex w-full flex-col items-end gap-2 whitespace-normal break-words text-start [.text-message+&amp;]:mt-5\" dir=\"auto\" data-message-author-role=\"assistant\" data-message-id=\"2850fbdd-234c-4aeb-83ad-5738382da816\" data-message-model-slug=\"gpt-4o\">\n<div class=\"flex w-full flex-col gap-1 empty:hidden first:pt-[3px]\">\n<div class=\"markdown prose w-full break-words dark:prose-invert light\">\n<p>Digluconato de clorexidina<\/p>\n<p><em>#comprar Clorexidina em Israel, #Clorexidina em Israel, #clorexidina Israel, #Cclorexidina Israel<\/em> <em>#comprar Clorexidina em Israel, #Clorexidina em Israel, #clorexidina Israel<\/em> <em> <em>#Chlorhexidine free shipping, #Chlorhexidine free shipping<\/em><\/em><\/p>\n<\/div>\n<\/div>\n<\/div>\n<\/div>","protected":false},"excerpt":{"rendered":"<p>Medicina.<\/p>\n<p>Para uso externo em v\u00e1rias doen\u00e7as infecciosas da pele e das membranas mucosas. Usado para a preven\u00e7\u00e3o e o tratamento de infec\u00e7\u00f5es causadas por bact\u00e9rias, v\u00edrus e fungos. Tamb\u00e9m \u00e9 usado para desinfetar m\u00e3os, ferramentas e superf\u00edcies.<\/p>","protected":false},"featured_media":765,"template":"","meta":[],"product_brand":[],"product_cat":[47,25],"product_tag":[],"class_list":{"0":"post-1244","1":"product","2":"type-product","3":"status-publish","4":"has-post-thumbnail","6":"product_cat-all-medications","7":"product_cat-antiseptics","9":"first","10":"outofstock","11":"shipping-taxable","12":"purchasable","13":"product-type-simple"},"yoast_head":"<!-- This site is optimized with the Yoast SEO plugin v25.1 - https:\/\/yoast.com\/wordpress\/plugins\/seo\/ -->\n<title>Chlorhexidine 100ml - Buy in Israel | Fast Delivery!<\/title>\n<meta name=\"description\" content=\"Medicine. For external use for various infectious diseases of the skin and mucous membranes. Used for the prevention and treatment of infections\" \/>\n<meta name=\"robots\" content=\"index, follow, max-snippet:-1, max-image-preview:large, max-video-preview:-1\" \/>\n<link rel=\"canonical\" href=\"https:\/\/pharmacy-tlv.com\/pt\/loja\/antissepticos\/clorexidina-100ml\/\" \/>\n<meta property=\"og:locale\" content=\"pt_BR\" \/>\n<meta property=\"og:type\" content=\"article\" \/>\n<meta property=\"og:title\" content=\"Chlorhexidine 100ml - Buy in Israel | Fast Delivery!\" \/>\n<meta property=\"og:description\" content=\"Medicine. For external use for various infectious diseases of the skin and mucous membranes. Used for the prevention and treatment of infections\" \/>\n<meta property=\"og:url\" content=\"https:\/\/pharmacy-tlv.com\/pt\/loja\/antissepticos\/clorexidina-100ml\/\" \/>\n<meta property=\"og:site_name\" content=\"Pharmacy TLV\" \/>\n<meta property=\"article:modified_time\" content=\"2025-09-03T11:50:38+00:00\" \/>\n<meta property=\"og:image\" content=\"https:\/\/mlz1smk5t7q7.i.optimole.com\/cb:lQg3.de6\/w:auto\/h:auto\/q:mauto\/https:\/\/pharmacy-tlv.com\/wp-content\/uploads\/2025\/05\/chlorhexidine-100ml-israel.png\" \/>\n\t<meta property=\"og:image:width\" content=\"300\" \/>\n\t<meta property=\"og:image:height\" content=\"300\" \/>\n\t<meta property=\"og:image:type\" content=\"image\/png\" \/>\n<meta name=\"twitter:card\" content=\"summary_large_image\" \/>\n<meta name=\"twitter:label1\" content=\"Est. tempo de leitura\" \/>\n\t<meta name=\"twitter:data1\" content=\"1 minuto\" \/>\n<script type=\"application\/ld+json\" class=\"yoast-schema-graph\">{\"@context\":\"https:\/\/schema.org\",\"@graph\":[{\"@type\":\"WebPage\",\"@id\":\"https:\/\/pharmacy-tlv.com\/shop\/antiseptics\/chlorhexidine-100ml\/\",\"url\":\"https:\/\/pharmacy-tlv.com\/shop\/antiseptics\/chlorhexidine-100ml\/\",\"name\":\"Chlorhexidine 100ml - Buy in Israel | Fast Delivery!\",\"isPartOf\":{\"@id\":\"https:\/\/pharmacy-tlv.com\/#website\"},\"primaryImageOfPage\":{\"@id\":\"https:\/\/pharmacy-tlv.com\/shop\/antiseptics\/chlorhexidine-100ml\/#primaryimage\"},\"image\":{\"@id\":\"https:\/\/pharmacy-tlv.com\/shop\/antiseptics\/chlorhexidine-100ml\/#primaryimage\"},\"thumbnailUrl\":\"https:\/\/mlz1smk5t7q7.i.optimole.com\/cb:lQg3.de6\/w:auto\/h:auto\/q:mauto\/https:\/\/pharmacy-tlv.com\/wp-content\/uploads\/2025\/05\/chlorhexidine-100ml-israel.png\",\"datePublished\":\"2025-05-15T18:23:02+00:00\",\"dateModified\":\"2025-09-03T11:50:38+00:00\",\"description\":\"Medicine. For external use for various infectious diseases of the skin and mucous membranes. Used for the prevention and treatment of infections\",\"breadcrumb\":{\"@id\":\"https:\/\/pharmacy-tlv.com\/shop\/antiseptics\/chlorhexidine-100ml\/#breadcrumb\"},\"inLanguage\":\"pt-BR\",\"potentialAction\":[{\"@type\":\"ReadAction\",\"target\":[\"https:\/\/pharmacy-tlv.com\/shop\/antiseptics\/chlorhexidine-100ml\/\"]}]},{\"@type\":\"ImageObject\",\"inLanguage\":\"pt-BR\",\"@id\":\"https:\/\/pharmacy-tlv.com\/shop\/antiseptics\/chlorhexidine-100ml\/#primaryimage\",\"url\":\"https:\/\/mlz1smk5t7q7.i.optimole.com\/cb:lQg3.de6\/w:auto\/h:auto\/q:mauto\/https:\/\/pharmacy-tlv.com\/wp-content\/uploads\/2025\/05\/chlorhexidine-100ml-israel.png\",\"contentUrl\":\"https:\/\/mlz1smk5t7q7.i.optimole.com\/cb:lQg3.de6\/w:auto\/h:auto\/q:mauto\/https:\/\/pharmacy-tlv.com\/wp-content\/uploads\/2025\/05\/chlorhexidine-100ml-israel.png\",\"width\":300,\"height\":300,\"caption\":\"chlorhexidine 100ml israel\"},{\"@type\":\"BreadcrumbList\",\"@id\":\"https:\/\/pharmacy-tlv.com\/shop\/antiseptics\/chlorhexidine-100ml\/#breadcrumb\",\"itemListElement\":[{\"@type\":\"ListItem\",\"position\":1,\"name\":\"Home\",\"item\":\"https:\/\/pharmacy-tlv.com\/\"},{\"@type\":\"ListItem\",\"position\":2,\"name\":\"Medications\",\"item\":\"https:\/\/pharmacy-tlv.com\/shop\/\"},{\"@type\":\"ListItem\",\"position\":3,\"name\":\"Chlorhexidine 100ml\"}]},{\"@type\":\"WebSite\",\"@id\":\"https:\/\/pharmacy-tlv.com\/#website\",\"url\":\"https:\/\/pharmacy-tlv.com\/\",\"name\":\"Pharmacy TLV\",\"description\":\"Trusted Israeli Medications\",\"publisher\":{\"@id\":\"https:\/\/pharmacy-tlv.com\/#organization\"},\"alternateName\":\"Pharmacy-TLV\",\"potentialAction\":[{\"@type\":\"SearchAction\",\"target\":{\"@type\":\"EntryPoint\",\"urlTemplate\":\"https:\/\/pharmacy-tlv.com\/?s={search_term_string}\"},\"query-input\":{\"@type\":\"PropertyValueSpecification\",\"valueRequired\":true,\"valueName\":\"search_term_string\"}}],\"inLanguage\":\"pt-BR\"},{\"@type\":\"Organization\",\"@id\":\"https:\/\/pharmacy-tlv.com\/#organization\",\"name\":\"Pharmacy TLV\",\"alternateName\":\"Pharmacy-TLV\",\"url\":\"https:\/\/pharmacy-tlv.com\/\",\"logo\":{\"@type\":\"ImageObject\",\"inLanguage\":\"pt-BR\",\"@id\":\"https:\/\/pharmacy-tlv.com\/#\/schema\/logo\/image\/\",\"url\":\"https:\/\/mlz1smk5t7q7.i.optimole.com\/cb:lQg3.de6\/w:auto\/h:auto\/q:mauto\/https:\/\/pharmacy-tlv.com\/wp-content\/uploads\/2025\/05\/pharmacy-white.png\",\"contentUrl\":\"https:\/\/mlz1smk5t7q7.i.optimole.com\/cb:lQg3.de6\/w:auto\/h:auto\/q:mauto\/https:\/\/pharmacy-tlv.com\/wp-content\/uploads\/2025\/05\/pharmacy-white.png\",\"width\":500,\"height\":500,\"caption\":\"Pharmacy TLV\"},\"image\":{\"@id\":\"https:\/\/pharmacy-tlv.com\/#\/schema\/logo\/image\/\"}}]}<\/script>\n<!-- \/ Yoast SEO plugin. -->","yoast_head_json":{"title":"Chlorhexidine 100ml - Comprar em Israel | Entrega r\u00e1pida!","description":"Medicamentos. Para uso externo em v\u00e1rias doen\u00e7as infecciosas da pele e das membranas mucosas. Usado para a preven\u00e7\u00e3o e o tratamento de infec\u00e7\u00f5es","robots":{"index":"index","follow":"follow","max-snippet":"max-snippet:-1","max-image-preview":"max-image-preview:large","max-video-preview":"max-video-preview:-1"},"canonical":"https:\/\/pharmacy-tlv.com\/pt\/loja\/antissepticos\/clorexidina-100ml\/","og_locale":"pt_BR","og_type":"article","og_title":"Chlorhexidine 100ml - Buy in Israel | Fast Delivery!","og_description":"Medicine. For external use for various infectious diseases of the skin and mucous membranes. Used for the prevention and treatment of infections","og_url":"https:\/\/pharmacy-tlv.com\/pt\/loja\/antissepticos\/clorexidina-100ml\/","og_site_name":"Pharmacy TLV","article_modified_time":"2025-09-03T11:50:38+00:00","og_image":[{"width":300,"height":300,"url":"https:\/\/mlz1smk5t7q7.i.optimole.com\/cb:lQg3.de6\/w:auto\/h:auto\/q:mauto\/https:\/\/pharmacy-tlv.com\/wp-content\/uploads\/2025\/05\/chlorhexidine-100ml-israel.png","type":"image\/png"}],"twitter_card":"summary_large_image","twitter_misc":{"Est. tempo de leitura":"1 minuto"},"schema":{"@context":"https:\/\/schema.org","@graph":[{"@type":"WebPage","@id":"https:\/\/pharmacy-tlv.com\/shop\/antiseptics\/chlorhexidine-100ml\/","url":"https:\/\/pharmacy-tlv.com\/shop\/antiseptics\/chlorhexidine-100ml\/","name":"Chlorhexidine 100ml - Comprar em Israel | Entrega r\u00e1pida!","isPartOf":{"@id":"https:\/\/pharmacy-tlv.com\/#website"},"primaryImageOfPage":{"@id":"https:\/\/pharmacy-tlv.com\/shop\/antiseptics\/chlorhexidine-100ml\/#primaryimage"},"image":{"@id":"https:\/\/pharmacy-tlv.com\/shop\/antiseptics\/chlorhexidine-100ml\/#primaryimage"},"thumbnailUrl":"https:\/\/mlz1smk5t7q7.i.optimole.com\/cb:lQg3.de6\/w:auto\/h:auto\/q:mauto\/https:\/\/pharmacy-tlv.com\/wp-content\/uploads\/2025\/05\/chlorhexidine-100ml-israel.png","datePublished":"2025-05-15T18:23:02+00:00","dateModified":"2025-09-03T11:50:38+00:00","description":"Medicamentos. Para uso externo em v\u00e1rias doen\u00e7as infecciosas da pele e das membranas mucosas. Usado para a preven\u00e7\u00e3o e o tratamento de infec\u00e7\u00f5es","breadcrumb":{"@id":"https:\/\/pharmacy-tlv.com\/shop\/antiseptics\/chlorhexidine-100ml\/#breadcrumb"},"inLanguage":"pt-BR","potentialAction":[{"@type":"ReadAction","target":["https:\/\/pharmacy-tlv.com\/shop\/antiseptics\/chlorhexidine-100ml\/"]}]},{"@type":"ImageObject","inLanguage":"pt-BR","@id":"https:\/\/pharmacy-tlv.com\/shop\/antiseptics\/chlorhexidine-100ml\/#primaryimage","url":"https:\/\/mlz1smk5t7q7.i.optimole.com\/cb:lQg3.de6\/w:auto\/h:auto\/q:mauto\/https:\/\/pharmacy-tlv.com\/wp-content\/uploads\/2025\/05\/chlorhexidine-100ml-israel.png","contentUrl":"https:\/\/mlz1smk5t7q7.i.optimole.com\/cb:lQg3.de6\/w:auto\/h:auto\/q:mauto\/https:\/\/pharmacy-tlv.com\/wp-content\/uploads\/2025\/05\/chlorhexidine-100ml-israel.png","width":300,"height":300,"caption":"chlorhexidine 100ml israel"},{"@type":"BreadcrumbList","@id":"https:\/\/pharmacy-tlv.com\/shop\/antiseptics\/chlorhexidine-100ml\/#breadcrumb","itemListElement":[{"@type":"ListItem","position":1,"name":"Home","item":"https:\/\/pharmacy-tlv.com\/"},{"@type":"ListItem","position":2,"name":"Medications","item":"https:\/\/pharmacy-tlv.com\/shop\/"},{"@type":"ListItem","position":3,"name":"Chlorhexidine 100ml"}]},{"@type":"WebSite","@id":"https:\/\/pharmacy-tlv.com\/#website","url":"https:\/\/pharmacy-tlv.com\/","name":"Farm\u00e1cia TLV","description":"Medicamentos israelenses de confian\u00e7a","publisher":{"@id":"https:\/\/pharmacy-tlv.com\/#organization"},"alternateName":"Pharmacy-TLV","potentialAction":[{"@type":"SearchAction","target":{"@type":"EntryPoint","urlTemplate":"https:\/\/pharmacy-tlv.com\/?s={search_term_string}"},"query-input":{"@type":"PropertyValueSpecification","valueRequired":true,"valueName":"search_term_string"}}],"inLanguage":"pt-BR"},{"@type":"Organization","@id":"https:\/\/pharmacy-tlv.com\/#organization","name":"Farm\u00e1cia TLV","alternateName":"Pharmacy-TLV","url":"https:\/\/pharmacy-tlv.com\/","logo":{"@type":"ImageObject","inLanguage":"pt-BR","@id":"https:\/\/pharmacy-tlv.com\/#\/schema\/logo\/image\/","url":"https:\/\/mlz1smk5t7q7.i.optimole.com\/cb:lQg3.de6\/w:auto\/h:auto\/q:mauto\/https:\/\/pharmacy-tlv.com\/wp-content\/uploads\/2025\/05\/pharmacy-white.png","contentUrl":"https:\/\/mlz1smk5t7q7.i.optimole.com\/cb:lQg3.de6\/w:auto\/h:auto\/q:mauto\/https:\/\/pharmacy-tlv.com\/wp-content\/uploads\/2025\/05\/pharmacy-white.png","width":500,"height":500,"caption":"Pharmacy TLV"},"image":{"@id":"https:\/\/pharmacy-tlv.com\/#\/schema\/logo\/image\/"}}]}},"_links":{"self":[{"href":"https:\/\/pharmacy-tlv.com\/pt\/wp-json\/wp\/v2\/product\/1244","targetHints":{"allow":["GET"]}}],"collection":[{"href":"https:\/\/pharmacy-tlv.com\/pt\/wp-json\/wp\/v2\/product"}],"about":[{"href":"https:\/\/pharmacy-tlv.com\/pt\/wp-json\/wp\/v2\/types\/product"}],"wp:featuredmedia":[{"embeddable":true,"href":"https:\/\/pharmacy-tlv.com\/pt\/wp-json\/wp\/v2\/media\/765"}],"wp:attachment":[{"href":"https:\/\/pharmacy-tlv.com\/pt\/wp-json\/wp\/v2\/media?parent=1244"}],"wp:term":[{"taxonomy":"product_brand","embeddable":true,"href":"https:\/\/pharmacy-tlv.com\/pt\/wp-json\/wp\/v2\/product_brand?post=1244"},{"taxonomy":"product_cat","embeddable":true,"href":"https:\/\/pharmacy-tlv.com\/pt\/wp-json\/wp\/v2\/product_cat?post=1244"},{"taxonomy":"product_tag","embeddable":true,"href":"https:\/\/pharmacy-tlv.com\/pt\/wp-json\/wp\/v2\/product_tag?post=1244"}],"curies":[{"name":"wp","href":"https:\/\/api.w.org\/{rel}","templated":true}]}}