{"id":1243,"date":"2025-05-15T18:23:02","date_gmt":"2025-05-15T18:23:02","guid":{"rendered":"https:\/\/pharmacy-tlv.com\/?post_type=product&#038;p=1243"},"modified":"2025-10-03T09:05:49","modified_gmt":"2025-10-03T09:05:49","slug":"miramistin-150ml","status":"publish","type":"product","link":"https:\/\/pharmacy-tlv.com\/pt\/loja\/antissepticos\/miramistin-150ml\/","title":{"rendered":"Miramistin 150ml"},"content":{"rendered":"<p>Miramistina<\/p>\n<p>Medicina.<\/p>\n<p><strong>Aplicativo<\/strong><\/p>\n<p>Para o tratamento e a preven\u00e7\u00e3o de infec\u00e7\u00f5es bacterianas, virais e f\u00fangicas. \u00c9 usado para tratar feridas, queimaduras, membranas mucosas, bem como para o tratamento de infec\u00e7\u00f5es do trato respirat\u00f3rio superior e geniturin\u00e1rio.<\/p>\n<p><strong>Causa<\/strong><\/p>\n<p>Tratamento de infec\u00e7\u00f5es da pele e das membranas mucosas (por exemplo, feridas, queimaduras, cortes).<\/p>\n<p>Preven\u00e7\u00e3o e tratamento de infec\u00e7\u00f5es do trato respirat\u00f3rio superior (por exemplo, faringite, amigdalite, rinite).<\/p>\n<p>Tratamento de inflama\u00e7\u00e3o nos \u00f3rg\u00e3os geniturin\u00e1rios (por exemplo, cistite, uretrite, vaginite).<\/p>\n<p>Desinfec\u00e7\u00e3o e preven\u00e7\u00e3o de doen\u00e7as infecciosas ap\u00f3s a cirurgia.<\/p>\n<p><strong>Propriedade de tratamento<\/strong><\/p>\n<p>A\u00e7\u00e3o anti-inflamat\u00f3ria e antiss\u00e9ptica.<\/p>\n<p>Eficaz contra uma ampla variedade de bact\u00e9rias, v\u00edrus e fungos.<\/p>\n<p>Proporciona um efeito antiss\u00e9ptico local e acelera a cicatriza\u00e7\u00e3o de tecidos danificados.<\/p>\n<p>Reduz o risco de infec\u00e7\u00e3o em caso de danos \u00e0 pele e \u00e0s membranas mucosas.<\/p>\n<p><strong>Tipo de medicamento<\/strong><\/p>\n<p>Solu\u00e7\u00e3o para uso externo e local.<\/p>\n<p><strong>Fabricante<\/strong><\/p>\n<p>ZAO \"Mira\", R\u00fassia (ou outros fabricantes, dependendo da regi\u00e3o).<\/p>\n<p><strong>Subst\u00e2ncias ativas<\/strong><\/p>\n<p>Miramistina (subst\u00e2ncia ativa principal).<\/p>\n<p>Miramistina<\/p>\n<p><em>#comprar Miramistin em Israel, #Miramistin em Israel, #miramistin Israel, #Miramistin Israel<\/em> <em>#comprar Miramistin em Israel, #Miramistin em Israel, #miramistin Israel<\/em> <em> <em>#Miramistin free shipping, #Miramistin free shipping<\/em><\/em><\/p>","protected":false},"excerpt":{"rendered":"<p>Medicina.<\/p>\n<p>For the treatment and prevention of bacterial, viral and fungal infections. It is used to treat wounds, burns, mucous membranes, as well as to treat infections of the upper respiratory tract and genitourinary system.<\/p>","protected":false},"featured_media":2424,"template":"","meta":[],"product_brand":[],"product_cat":[47,25],"product_tag":[],"class_list":{"0":"post-1243","1":"product","2":"type-product","3":"status-publish","4":"has-post-thumbnail","6":"product_cat-all-medications","7":"product_cat-antiseptics","9":"first","10":"instock","11":"featured","12":"shipping-taxable","13":"purchasable","14":"product-type-simple"},"yoast_head":"<!-- This site is optimized with the Yoast SEO plugin v25.1 - https:\/\/yoast.com\/wordpress\/plugins\/seo\/ -->\n<title>Miramistin 150ml - Buy in Israel | Fast Delivery!<\/title>\n<meta name=\"description\" content=\"Medicine. For the treatment and prevention of bacterial, viral and fungal infections. It is used to treat wounds, burns, mucous membranes\" \/>\n<meta name=\"robots\" content=\"index, follow, max-snippet:-1, max-image-preview:large, max-video-preview:-1\" \/>\n<link rel=\"canonical\" href=\"https:\/\/pharmacy-tlv.com\/pt\/loja\/antissepticos\/miramistin-150ml\/\" \/>\n<meta property=\"og:locale\" content=\"pt_BR\" \/>\n<meta property=\"og:type\" content=\"article\" \/>\n<meta property=\"og:title\" content=\"Miramistin 150ml - Buy in Israel | Fast Delivery!\" \/>\n<meta property=\"og:description\" content=\"Medicine. For the treatment and prevention of bacterial, viral and fungal infections. It is used to treat wounds, burns, mucous membranes\" \/>\n<meta property=\"og:url\" content=\"https:\/\/pharmacy-tlv.com\/pt\/loja\/antissepticos\/miramistin-150ml\/\" \/>\n<meta property=\"og:site_name\" content=\"Pharmacy TLV\" \/>\n<meta property=\"article:modified_time\" content=\"2025-10-03T09:05:49+00:00\" \/>\n<meta property=\"og:image\" content=\"https:\/\/mlz1smk5t7q7.i.optimole.com\/cb:lQg3.de6\/w:auto\/h:auto\/q:mauto\/https:\/\/pharmacy-tlv.com\/wp-content\/uploads\/2025\/05\/miramistin-150ml-israel-1.png\" \/>\n\t<meta property=\"og:image:width\" content=\"300\" \/>\n\t<meta property=\"og:image:height\" content=\"300\" \/>\n\t<meta property=\"og:image:type\" content=\"image\/png\" \/>\n<meta name=\"twitter:card\" content=\"summary_large_image\" \/>\n<meta name=\"twitter:label1\" content=\"Est. tempo de leitura\" \/>\n\t<meta name=\"twitter:data1\" content=\"1 minuto\" \/>\n<script type=\"application\/ld+json\" class=\"yoast-schema-graph\">{\"@context\":\"https:\/\/schema.org\",\"@graph\":[{\"@type\":\"WebPage\",\"@id\":\"https:\/\/pharmacy-tlv.com\/shop\/antiseptics\/miramistin-150ml\/\",\"url\":\"https:\/\/pharmacy-tlv.com\/shop\/antiseptics\/miramistin-150ml\/\",\"name\":\"Miramistin 150ml - Buy in Israel | Fast Delivery!\",\"isPartOf\":{\"@id\":\"https:\/\/pharmacy-tlv.com\/#website\"},\"primaryImageOfPage\":{\"@id\":\"https:\/\/pharmacy-tlv.com\/shop\/antiseptics\/miramistin-150ml\/#primaryimage\"},\"image\":{\"@id\":\"https:\/\/pharmacy-tlv.com\/shop\/antiseptics\/miramistin-150ml\/#primaryimage\"},\"thumbnailUrl\":\"https:\/\/mlz1smk5t7q7.i.optimole.com\/cb:lQg3.de6\/w:auto\/h:auto\/q:mauto\/https:\/\/pharmacy-tlv.com\/wp-content\/uploads\/2025\/05\/miramistin-150ml-israel-1.png\",\"datePublished\":\"2025-05-15T18:23:02+00:00\",\"dateModified\":\"2025-10-03T09:05:49+00:00\",\"description\":\"Medicine. For the treatment and prevention of bacterial, viral and fungal infections. It is used to treat wounds, burns, mucous membranes\",\"breadcrumb\":{\"@id\":\"https:\/\/pharmacy-tlv.com\/shop\/antiseptics\/miramistin-150ml\/#breadcrumb\"},\"inLanguage\":\"pt-BR\",\"potentialAction\":[{\"@type\":\"ReadAction\",\"target\":[\"https:\/\/pharmacy-tlv.com\/shop\/antiseptics\/miramistin-150ml\/\"]}]},{\"@type\":\"ImageObject\",\"inLanguage\":\"pt-BR\",\"@id\":\"https:\/\/pharmacy-tlv.com\/shop\/antiseptics\/miramistin-150ml\/#primaryimage\",\"url\":\"https:\/\/mlz1smk5t7q7.i.optimole.com\/cb:lQg3.de6\/w:auto\/h:auto\/q:mauto\/https:\/\/pharmacy-tlv.com\/wp-content\/uploads\/2025\/05\/miramistin-150ml-israel-1.png\",\"contentUrl\":\"https:\/\/mlz1smk5t7q7.i.optimole.com\/cb:lQg3.de6\/w:auto\/h:auto\/q:mauto\/https:\/\/pharmacy-tlv.com\/wp-content\/uploads\/2025\/05\/miramistin-150ml-israel-1.png\",\"width\":300,\"height\":300,\"caption\":\"miramistin 150ml israel 1\"},{\"@type\":\"BreadcrumbList\",\"@id\":\"https:\/\/pharmacy-tlv.com\/shop\/antiseptics\/miramistin-150ml\/#breadcrumb\",\"itemListElement\":[{\"@type\":\"ListItem\",\"position\":1,\"name\":\"Home\",\"item\":\"https:\/\/pharmacy-tlv.com\/\"},{\"@type\":\"ListItem\",\"position\":2,\"name\":\"Medications\",\"item\":\"https:\/\/pharmacy-tlv.com\/shop\/\"},{\"@type\":\"ListItem\",\"position\":3,\"name\":\"Miramistin 150ml\"}]},{\"@type\":\"WebSite\",\"@id\":\"https:\/\/pharmacy-tlv.com\/#website\",\"url\":\"https:\/\/pharmacy-tlv.com\/\",\"name\":\"Pharmacy TLV\",\"description\":\"Trusted Israeli Medications\",\"publisher\":{\"@id\":\"https:\/\/pharmacy-tlv.com\/#organization\"},\"alternateName\":\"Pharmacy-TLV\",\"potentialAction\":[{\"@type\":\"SearchAction\",\"target\":{\"@type\":\"EntryPoint\",\"urlTemplate\":\"https:\/\/pharmacy-tlv.com\/?s={search_term_string}\"},\"query-input\":{\"@type\":\"PropertyValueSpecification\",\"valueRequired\":true,\"valueName\":\"search_term_string\"}}],\"inLanguage\":\"pt-BR\"},{\"@type\":\"Organization\",\"@id\":\"https:\/\/pharmacy-tlv.com\/#organization\",\"name\":\"Pharmacy TLV\",\"alternateName\":\"Pharmacy-TLV\",\"url\":\"https:\/\/pharmacy-tlv.com\/\",\"logo\":{\"@type\":\"ImageObject\",\"inLanguage\":\"pt-BR\",\"@id\":\"https:\/\/pharmacy-tlv.com\/#\/schema\/logo\/image\/\",\"url\":\"https:\/\/mlz1smk5t7q7.i.optimole.com\/cb:lQg3.de6\/w:auto\/h:auto\/q:mauto\/https:\/\/pharmacy-tlv.com\/wp-content\/uploads\/2025\/05\/pharmacy-white.png\",\"contentUrl\":\"https:\/\/mlz1smk5t7q7.i.optimole.com\/cb:lQg3.de6\/w:auto\/h:auto\/q:mauto\/https:\/\/pharmacy-tlv.com\/wp-content\/uploads\/2025\/05\/pharmacy-white.png\",\"width\":500,\"height\":500,\"caption\":\"Pharmacy TLV\"},\"image\":{\"@id\":\"https:\/\/pharmacy-tlv.com\/#\/schema\/logo\/image\/\"}}]}<\/script>\n<!-- \/ Yoast SEO plugin. -->","yoast_head_json":{"title":"Miramistin 150ml - Comprar em Israel | Entrega r\u00e1pida!","description":"Medicamentos. Para o tratamento e a preven\u00e7\u00e3o de infec\u00e7\u00f5es bacterianas, virais e f\u00fangicas. \u00c9 usado para tratar feridas, queimaduras e membranas mucosas","robots":{"index":"index","follow":"follow","max-snippet":"max-snippet:-1","max-image-preview":"max-image-preview:large","max-video-preview":"max-video-preview:-1"},"canonical":"https:\/\/pharmacy-tlv.com\/pt\/loja\/antissepticos\/miramistin-150ml\/","og_locale":"pt_BR","og_type":"article","og_title":"Miramistin 150ml - Buy in Israel | Fast Delivery!","og_description":"Medicine. For the treatment and prevention of bacterial, viral and fungal infections. It is used to treat wounds, burns, mucous membranes","og_url":"https:\/\/pharmacy-tlv.com\/pt\/loja\/antissepticos\/miramistin-150ml\/","og_site_name":"Pharmacy TLV","article_modified_time":"2025-10-03T09:05:49+00:00","og_image":[{"width":300,"height":300,"url":"https:\/\/mlz1smk5t7q7.i.optimole.com\/cb:lQg3.de6\/w:auto\/h:auto\/q:mauto\/https:\/\/pharmacy-tlv.com\/wp-content\/uploads\/2025\/05\/miramistin-150ml-israel-1.png","type":"image\/png"}],"twitter_card":"summary_large_image","twitter_misc":{"Est. tempo de leitura":"1 minuto"},"schema":{"@context":"https:\/\/schema.org","@graph":[{"@type":"WebPage","@id":"https:\/\/pharmacy-tlv.com\/shop\/antiseptics\/miramistin-150ml\/","url":"https:\/\/pharmacy-tlv.com\/shop\/antiseptics\/miramistin-150ml\/","name":"Miramistin 150ml - Comprar em Israel | Entrega r\u00e1pida!","isPartOf":{"@id":"https:\/\/pharmacy-tlv.com\/#website"},"primaryImageOfPage":{"@id":"https:\/\/pharmacy-tlv.com\/shop\/antiseptics\/miramistin-150ml\/#primaryimage"},"image":{"@id":"https:\/\/pharmacy-tlv.com\/shop\/antiseptics\/miramistin-150ml\/#primaryimage"},"thumbnailUrl":"https:\/\/mlz1smk5t7q7.i.optimole.com\/cb:lQg3.de6\/w:auto\/h:auto\/q:mauto\/https:\/\/pharmacy-tlv.com\/wp-content\/uploads\/2025\/05\/miramistin-150ml-israel-1.png","datePublished":"2025-05-15T18:23:02+00:00","dateModified":"2025-10-03T09:05:49+00:00","description":"Medicamentos. Para o tratamento e a preven\u00e7\u00e3o de infec\u00e7\u00f5es bacterianas, virais e f\u00fangicas. \u00c9 usado para tratar feridas, queimaduras e membranas mucosas","breadcrumb":{"@id":"https:\/\/pharmacy-tlv.com\/shop\/antiseptics\/miramistin-150ml\/#breadcrumb"},"inLanguage":"pt-BR","potentialAction":[{"@type":"ReadAction","target":["https:\/\/pharmacy-tlv.com\/shop\/antiseptics\/miramistin-150ml\/"]}]},{"@type":"ImageObject","inLanguage":"pt-BR","@id":"https:\/\/pharmacy-tlv.com\/shop\/antiseptics\/miramistin-150ml\/#primaryimage","url":"https:\/\/mlz1smk5t7q7.i.optimole.com\/cb:lQg3.de6\/w:auto\/h:auto\/q:mauto\/https:\/\/pharmacy-tlv.com\/wp-content\/uploads\/2025\/05\/miramistin-150ml-israel-1.png","contentUrl":"https:\/\/mlz1smk5t7q7.i.optimole.com\/cb:lQg3.de6\/w:auto\/h:auto\/q:mauto\/https:\/\/pharmacy-tlv.com\/wp-content\/uploads\/2025\/05\/miramistin-150ml-israel-1.png","width":300,"height":300,"caption":"miramistin 150ml israel 1"},{"@type":"BreadcrumbList","@id":"https:\/\/pharmacy-tlv.com\/shop\/antiseptics\/miramistin-150ml\/#breadcrumb","itemListElement":[{"@type":"ListItem","position":1,"name":"Home","item":"https:\/\/pharmacy-tlv.com\/"},{"@type":"ListItem","position":2,"name":"Medications","item":"https:\/\/pharmacy-tlv.com\/shop\/"},{"@type":"ListItem","position":3,"name":"Miramistin 150ml"}]},{"@type":"WebSite","@id":"https:\/\/pharmacy-tlv.com\/#website","url":"https:\/\/pharmacy-tlv.com\/","name":"Farm\u00e1cia TLV","description":"Medicamentos israelenses de confian\u00e7a","publisher":{"@id":"https:\/\/pharmacy-tlv.com\/#organization"},"alternateName":"Pharmacy-TLV","potentialAction":[{"@type":"SearchAction","target":{"@type":"EntryPoint","urlTemplate":"https:\/\/pharmacy-tlv.com\/?s={search_term_string}"},"query-input":{"@type":"PropertyValueSpecification","valueRequired":true,"valueName":"search_term_string"}}],"inLanguage":"pt-BR"},{"@type":"Organization","@id":"https:\/\/pharmacy-tlv.com\/#organization","name":"Farm\u00e1cia TLV","alternateName":"Pharmacy-TLV","url":"https:\/\/pharmacy-tlv.com\/","logo":{"@type":"ImageObject","inLanguage":"pt-BR","@id":"https:\/\/pharmacy-tlv.com\/#\/schema\/logo\/image\/","url":"https:\/\/mlz1smk5t7q7.i.optimole.com\/cb:lQg3.de6\/w:auto\/h:auto\/q:mauto\/https:\/\/pharmacy-tlv.com\/wp-content\/uploads\/2025\/05\/pharmacy-white.png","contentUrl":"https:\/\/mlz1smk5t7q7.i.optimole.com\/cb:lQg3.de6\/w:auto\/h:auto\/q:mauto\/https:\/\/pharmacy-tlv.com\/wp-content\/uploads\/2025\/05\/pharmacy-white.png","width":500,"height":500,"caption":"Pharmacy TLV"},"image":{"@id":"https:\/\/pharmacy-tlv.com\/#\/schema\/logo\/image\/"}}]}},"_links":{"self":[{"href":"https:\/\/pharmacy-tlv.com\/pt\/wp-json\/wp\/v2\/product\/1243","targetHints":{"allow":["GET"]}}],"collection":[{"href":"https:\/\/pharmacy-tlv.com\/pt\/wp-json\/wp\/v2\/product"}],"about":[{"href":"https:\/\/pharmacy-tlv.com\/pt\/wp-json\/wp\/v2\/types\/product"}],"wp:featuredmedia":[{"embeddable":true,"href":"https:\/\/pharmacy-tlv.com\/pt\/wp-json\/wp\/v2\/media\/2424"}],"wp:attachment":[{"href":"https:\/\/pharmacy-tlv.com\/pt\/wp-json\/wp\/v2\/media?parent=1243"}],"wp:term":[{"taxonomy":"product_brand","embeddable":true,"href":"https:\/\/pharmacy-tlv.com\/pt\/wp-json\/wp\/v2\/product_brand?post=1243"},{"taxonomy":"product_cat","embeddable":true,"href":"https:\/\/pharmacy-tlv.com\/pt\/wp-json\/wp\/v2\/product_cat?post=1243"},{"taxonomy":"product_tag","embeddable":true,"href":"https:\/\/pharmacy-tlv.com\/pt\/wp-json\/wp\/v2\/product_tag?post=1243"}],"curies":[{"name":"wp","href":"https:\/\/api.w.org\/{rel}","templated":true}]}}