{"id":1241,"date":"2025-05-15T18:23:02","date_gmt":"2025-05-15T18:23:02","guid":{"rendered":"https:\/\/pharmacy-tlv.com\/?post_type=product&#038;p=1241"},"modified":"2025-08-15T08:30:35","modified_gmt":"2025-08-15T08:30:35","slug":"citeal-250ml","status":"publish","type":"product","link":"https:\/\/pharmacy-tlv.com\/pt\/loja\/antissepticos\/citeal-250ml\/","title":{"rendered":"Cyteal 250ml"},"content":{"rendered":"<p>Citeal<\/p>\n<p>Medicina.<\/p>\n<p><strong>Aplicativo<\/strong><\/p>\n<p>Para uso externo como antiss\u00e9ptico para o tratamento da pele e das membranas mucosas, bem como para a preven\u00e7\u00e3o e o tratamento de infec\u00e7\u00f5es bacterianas em v\u00e1rios campos da medicina (cirurgia, odontologia, dermatologia).<\/p>\n<p><strong>Motivo<\/strong><\/p>\n<p>Tratamento e preven\u00e7\u00e3o de infec\u00e7\u00f5es da pele e das membranas mucosas (por exemplo, com feridas, queimaduras, cortes, inflama\u00e7\u00f5es).<\/p>\n<p>Processamento de campos cir\u00fargicos.<\/p>\n<p>Desinfec\u00e7\u00e3o das m\u00e3os e dos instrumentos.<\/p>\n<p>Tratamento e preven\u00e7\u00e3o de infec\u00e7\u00f5es na odontologia (por exemplo, estomatite, gengivite).<\/p>\n<p>Tratamento de membranas mucosas (por exemplo, para rinite, faringite).<\/p>\n<p><strong>Propriedade de tratamento<\/strong><\/p>\n<p>Tem efeito antiss\u00e9ptico e inibe efetivamente o crescimento de microorganismos.<\/p>\n<p>Efeito anti-inflamat\u00f3rio e bactericida.<\/p>\n<p>Eficaz contra a maioria das bact\u00e9rias patog\u00eanicas, inclusive microorganismos gram-positivos e gram-negativos.<\/p>\n<p>Acelera o processo de cura de les\u00f5es na pele e nas membranas mucosas.<\/p>\n<p><strong>Tipo de medicamento<\/strong><\/p>\n<p>Solu\u00e7\u00e3o para uso externo.<\/p>\n<p><strong>Fabricante<\/strong><\/p>\n<p>JSC \"Citeal\", R\u00fassia (ou outro fabricante, dependendo da regi\u00e3o).<\/p>\n<p><strong>Subst\u00e2ncias ativas<\/strong><\/p>\n<p>Cloreto de cetilpirid\u00ednio (subst\u00e2ncia ativa principal).<\/p>\n<p>Cloreto de cetilpirid\u00ednio<\/p>\n<p><em>#comprar Citeal em Israel, #Citeal em Israel, #citeal Israel, #Citeal Israel<\/em> <em>#comprar Citeal em Israel, #Citeal em Israel, #citeal Israel<\/em> <em> <em>#Citeal frete gr\u00e1tis, #Citeal frete gr\u00e1tis<\/em><\/em><\/p>","protected":false},"excerpt":{"rendered":"<p>Medicamento.<\/p>\n<p>Para uso externo como antiss\u00e9ptico para o tratamento da pele e das membranas mucosas, bem como para a preven\u00e7\u00e3o e o tratamento de infec\u00e7\u00f5es bacterianas em v\u00e1rios campos da medicina (cirurgia, odontologia, dermatologia).<\/p>","protected":false},"featured_media":1669,"template":"","meta":[],"product_brand":[],"product_cat":[47,25],"product_tag":[],"class_list":{"0":"post-1241","1":"product","2":"type-product","3":"status-publish","4":"has-post-thumbnail","6":"product_cat-all-medications","7":"product_cat-antiseptics","9":"first","10":"outofstock","11":"shipping-taxable","12":"purchasable","13":"product-type-simple"},"yoast_head":"<!-- This site is optimized with the Yoast SEO plugin v25.1 - https:\/\/yoast.com\/wordpress\/plugins\/seo\/ -->\n<title>Cyteal 250ml - Buy in Israel | Fast Delivery!<\/title>\n<meta name=\"description\" content=\"Medicinal product. For external use as an antiseptic for treating skin, mucous membranes, as well as for the prevention and treatment of bacterial infections\" \/>\n<meta name=\"robots\" content=\"index, follow, max-snippet:-1, max-image-preview:large, max-video-preview:-1\" \/>\n<link rel=\"canonical\" href=\"https:\/\/pharmacy-tlv.com\/pt\/loja\/antissepticos\/citeal-250ml\/\" \/>\n<meta property=\"og:locale\" content=\"pt_BR\" \/>\n<meta property=\"og:type\" content=\"article\" \/>\n<meta property=\"og:title\" content=\"Cyteal 250ml - Buy in Israel | Fast Delivery!\" \/>\n<meta property=\"og:description\" content=\"Medicinal product. For external use as an antiseptic for treating skin, mucous membranes, as well as for the prevention and treatment of bacterial infections\" \/>\n<meta property=\"og:url\" content=\"https:\/\/pharmacy-tlv.com\/pt\/loja\/antissepticos\/citeal-250ml\/\" \/>\n<meta property=\"og:site_name\" content=\"Pharmacy TLV\" \/>\n<meta property=\"article:modified_time\" content=\"2025-08-15T08:30:35+00:00\" \/>\n<meta property=\"og:image\" content=\"https:\/\/mlz1smk5t7q7.i.optimole.com\/cb:lQg3.de6\/w:auto\/h:auto\/q:mauto\/https:\/\/pharmacy-tlv.com\/wp-content\/uploads\/2025\/05\/citeal-250ml.png\" \/>\n\t<meta property=\"og:image:width\" content=\"800\" \/>\n\t<meta property=\"og:image:height\" content=\"800\" \/>\n\t<meta property=\"og:image:type\" content=\"image\/png\" \/>\n<meta name=\"twitter:card\" content=\"summary_large_image\" \/>\n<meta name=\"twitter:label1\" content=\"Est. tempo de leitura\" \/>\n\t<meta name=\"twitter:data1\" content=\"1 minuto\" \/>\n<script type=\"application\/ld+json\" class=\"yoast-schema-graph\">{\"@context\":\"https:\/\/schema.org\",\"@graph\":[{\"@type\":\"WebPage\",\"@id\":\"https:\/\/pharmacy-tlv.com\/shop\/antiseptics\/citeal-250ml\/\",\"url\":\"https:\/\/pharmacy-tlv.com\/shop\/antiseptics\/citeal-250ml\/\",\"name\":\"Cyteal 250ml - Buy in Israel | Fast Delivery!\",\"isPartOf\":{\"@id\":\"https:\/\/pharmacy-tlv.com\/#website\"},\"primaryImageOfPage\":{\"@id\":\"https:\/\/pharmacy-tlv.com\/shop\/antiseptics\/citeal-250ml\/#primaryimage\"},\"image\":{\"@id\":\"https:\/\/pharmacy-tlv.com\/shop\/antiseptics\/citeal-250ml\/#primaryimage\"},\"thumbnailUrl\":\"https:\/\/mlz1smk5t7q7.i.optimole.com\/cb:lQg3.de6\/w:auto\/h:auto\/q:mauto\/https:\/\/pharmacy-tlv.com\/wp-content\/uploads\/2025\/05\/citeal-250ml.png\",\"datePublished\":\"2025-05-15T18:23:02+00:00\",\"dateModified\":\"2025-08-15T08:30:35+00:00\",\"description\":\"Medicinal product. For external use as an antiseptic for treating skin, mucous membranes, as well as for the prevention and treatment of bacterial infections\",\"breadcrumb\":{\"@id\":\"https:\/\/pharmacy-tlv.com\/shop\/antiseptics\/citeal-250ml\/#breadcrumb\"},\"inLanguage\":\"pt-BR\",\"potentialAction\":[{\"@type\":\"ReadAction\",\"target\":[\"https:\/\/pharmacy-tlv.com\/shop\/antiseptics\/citeal-250ml\/\"]}]},{\"@type\":\"ImageObject\",\"inLanguage\":\"pt-BR\",\"@id\":\"https:\/\/pharmacy-tlv.com\/shop\/antiseptics\/citeal-250ml\/#primaryimage\",\"url\":\"https:\/\/mlz1smk5t7q7.i.optimole.com\/cb:lQg3.de6\/w:auto\/h:auto\/q:mauto\/https:\/\/pharmacy-tlv.com\/wp-content\/uploads\/2025\/05\/citeal-250ml.png\",\"contentUrl\":\"https:\/\/mlz1smk5t7q7.i.optimole.com\/cb:lQg3.de6\/w:auto\/h:auto\/q:mauto\/https:\/\/pharmacy-tlv.com\/wp-content\/uploads\/2025\/05\/citeal-250ml.png\",\"width\":800,\"height\":800,\"caption\":\"citeal 250ml\"},{\"@type\":\"BreadcrumbList\",\"@id\":\"https:\/\/pharmacy-tlv.com\/shop\/antiseptics\/citeal-250ml\/#breadcrumb\",\"itemListElement\":[{\"@type\":\"ListItem\",\"position\":1,\"name\":\"Home\",\"item\":\"https:\/\/pharmacy-tlv.com\/\"},{\"@type\":\"ListItem\",\"position\":2,\"name\":\"Medications\",\"item\":\"https:\/\/pharmacy-tlv.com\/shop\/\"},{\"@type\":\"ListItem\",\"position\":3,\"name\":\"Cyteal 250ml\"}]},{\"@type\":\"WebSite\",\"@id\":\"https:\/\/pharmacy-tlv.com\/#website\",\"url\":\"https:\/\/pharmacy-tlv.com\/\",\"name\":\"Pharmacy TLV\",\"description\":\"Trusted Israeli Medications\",\"publisher\":{\"@id\":\"https:\/\/pharmacy-tlv.com\/#organization\"},\"alternateName\":\"Pharmacy-TLV\",\"potentialAction\":[{\"@type\":\"SearchAction\",\"target\":{\"@type\":\"EntryPoint\",\"urlTemplate\":\"https:\/\/pharmacy-tlv.com\/?s={search_term_string}\"},\"query-input\":{\"@type\":\"PropertyValueSpecification\",\"valueRequired\":true,\"valueName\":\"search_term_string\"}}],\"inLanguage\":\"pt-BR\"},{\"@type\":\"Organization\",\"@id\":\"https:\/\/pharmacy-tlv.com\/#organization\",\"name\":\"Pharmacy TLV\",\"alternateName\":\"Pharmacy-TLV\",\"url\":\"https:\/\/pharmacy-tlv.com\/\",\"logo\":{\"@type\":\"ImageObject\",\"inLanguage\":\"pt-BR\",\"@id\":\"https:\/\/pharmacy-tlv.com\/#\/schema\/logo\/image\/\",\"url\":\"https:\/\/mlz1smk5t7q7.i.optimole.com\/cb:lQg3.de6\/w:auto\/h:auto\/q:mauto\/https:\/\/pharmacy-tlv.com\/wp-content\/uploads\/2025\/05\/pharmacy-white.png\",\"contentUrl\":\"https:\/\/mlz1smk5t7q7.i.optimole.com\/cb:lQg3.de6\/w:auto\/h:auto\/q:mauto\/https:\/\/pharmacy-tlv.com\/wp-content\/uploads\/2025\/05\/pharmacy-white.png\",\"width\":500,\"height\":500,\"caption\":\"Pharmacy TLV\"},\"image\":{\"@id\":\"https:\/\/pharmacy-tlv.com\/#\/schema\/logo\/image\/\"}}]}<\/script>\n<!-- \/ Yoast SEO plugin. -->","yoast_head_json":{"title":"Cyteal 250ml - Comprar em Israel | Entrega r\u00e1pida!","description":"Medicamento. Para uso externo como antiss\u00e9ptico para o tratamento da pele e das membranas mucosas, bem como para a preven\u00e7\u00e3o e o tratamento de infec\u00e7\u00f5es bacterianas","robots":{"index":"index","follow":"follow","max-snippet":"max-snippet:-1","max-image-preview":"max-image-preview:large","max-video-preview":"max-video-preview:-1"},"canonical":"https:\/\/pharmacy-tlv.com\/pt\/loja\/antissepticos\/citeal-250ml\/","og_locale":"pt_BR","og_type":"article","og_title":"Cyteal 250ml - Buy in Israel | Fast Delivery!","og_description":"Medicinal product. For external use as an antiseptic for treating skin, mucous membranes, as well as for the prevention and treatment of bacterial infections","og_url":"https:\/\/pharmacy-tlv.com\/pt\/loja\/antissepticos\/citeal-250ml\/","og_site_name":"Pharmacy TLV","article_modified_time":"2025-08-15T08:30:35+00:00","og_image":[{"width":800,"height":800,"url":"https:\/\/mlz1smk5t7q7.i.optimole.com\/cb:lQg3.de6\/w:auto\/h:auto\/q:mauto\/https:\/\/pharmacy-tlv.com\/wp-content\/uploads\/2025\/05\/citeal-250ml.png","type":"image\/png"}],"twitter_card":"summary_large_image","twitter_misc":{"Est. tempo de leitura":"1 minuto"},"schema":{"@context":"https:\/\/schema.org","@graph":[{"@type":"WebPage","@id":"https:\/\/pharmacy-tlv.com\/shop\/antiseptics\/citeal-250ml\/","url":"https:\/\/pharmacy-tlv.com\/shop\/antiseptics\/citeal-250ml\/","name":"Cyteal 250ml - Comprar em Israel | Entrega r\u00e1pida!","isPartOf":{"@id":"https:\/\/pharmacy-tlv.com\/#website"},"primaryImageOfPage":{"@id":"https:\/\/pharmacy-tlv.com\/shop\/antiseptics\/citeal-250ml\/#primaryimage"},"image":{"@id":"https:\/\/pharmacy-tlv.com\/shop\/antiseptics\/citeal-250ml\/#primaryimage"},"thumbnailUrl":"https:\/\/mlz1smk5t7q7.i.optimole.com\/cb:lQg3.de6\/w:auto\/h:auto\/q:mauto\/https:\/\/pharmacy-tlv.com\/wp-content\/uploads\/2025\/05\/citeal-250ml.png","datePublished":"2025-05-15T18:23:02+00:00","dateModified":"2025-08-15T08:30:35+00:00","description":"Medicamento. Para uso externo como antiss\u00e9ptico para o tratamento da pele e das membranas mucosas, bem como para a preven\u00e7\u00e3o e o tratamento de infec\u00e7\u00f5es bacterianas","breadcrumb":{"@id":"https:\/\/pharmacy-tlv.com\/shop\/antiseptics\/citeal-250ml\/#breadcrumb"},"inLanguage":"pt-BR","potentialAction":[{"@type":"ReadAction","target":["https:\/\/pharmacy-tlv.com\/shop\/antiseptics\/citeal-250ml\/"]}]},{"@type":"ImageObject","inLanguage":"pt-BR","@id":"https:\/\/pharmacy-tlv.com\/shop\/antiseptics\/citeal-250ml\/#primaryimage","url":"https:\/\/mlz1smk5t7q7.i.optimole.com\/cb:lQg3.de6\/w:auto\/h:auto\/q:mauto\/https:\/\/pharmacy-tlv.com\/wp-content\/uploads\/2025\/05\/citeal-250ml.png","contentUrl":"https:\/\/mlz1smk5t7q7.i.optimole.com\/cb:lQg3.de6\/w:auto\/h:auto\/q:mauto\/https:\/\/pharmacy-tlv.com\/wp-content\/uploads\/2025\/05\/citeal-250ml.png","width":800,"height":800,"caption":"citeal 250ml"},{"@type":"BreadcrumbList","@id":"https:\/\/pharmacy-tlv.com\/shop\/antiseptics\/citeal-250ml\/#breadcrumb","itemListElement":[{"@type":"ListItem","position":1,"name":"Home","item":"https:\/\/pharmacy-tlv.com\/"},{"@type":"ListItem","position":2,"name":"Medications","item":"https:\/\/pharmacy-tlv.com\/shop\/"},{"@type":"ListItem","position":3,"name":"Cyteal 250ml"}]},{"@type":"WebSite","@id":"https:\/\/pharmacy-tlv.com\/#website","url":"https:\/\/pharmacy-tlv.com\/","name":"Farm\u00e1cia TLV","description":"Medicamentos israelenses de confian\u00e7a","publisher":{"@id":"https:\/\/pharmacy-tlv.com\/#organization"},"alternateName":"Pharmacy-TLV","potentialAction":[{"@type":"SearchAction","target":{"@type":"EntryPoint","urlTemplate":"https:\/\/pharmacy-tlv.com\/?s={search_term_string}"},"query-input":{"@type":"PropertyValueSpecification","valueRequired":true,"valueName":"search_term_string"}}],"inLanguage":"pt-BR"},{"@type":"Organization","@id":"https:\/\/pharmacy-tlv.com\/#organization","name":"Farm\u00e1cia TLV","alternateName":"Pharmacy-TLV","url":"https:\/\/pharmacy-tlv.com\/","logo":{"@type":"ImageObject","inLanguage":"pt-BR","@id":"https:\/\/pharmacy-tlv.com\/#\/schema\/logo\/image\/","url":"https:\/\/mlz1smk5t7q7.i.optimole.com\/cb:lQg3.de6\/w:auto\/h:auto\/q:mauto\/https:\/\/pharmacy-tlv.com\/wp-content\/uploads\/2025\/05\/pharmacy-white.png","contentUrl":"https:\/\/mlz1smk5t7q7.i.optimole.com\/cb:lQg3.de6\/w:auto\/h:auto\/q:mauto\/https:\/\/pharmacy-tlv.com\/wp-content\/uploads\/2025\/05\/pharmacy-white.png","width":500,"height":500,"caption":"Pharmacy TLV"},"image":{"@id":"https:\/\/pharmacy-tlv.com\/#\/schema\/logo\/image\/"}}]}},"_links":{"self":[{"href":"https:\/\/pharmacy-tlv.com\/pt\/wp-json\/wp\/v2\/product\/1241","targetHints":{"allow":["GET"]}}],"collection":[{"href":"https:\/\/pharmacy-tlv.com\/pt\/wp-json\/wp\/v2\/product"}],"about":[{"href":"https:\/\/pharmacy-tlv.com\/pt\/wp-json\/wp\/v2\/types\/product"}],"wp:featuredmedia":[{"embeddable":true,"href":"https:\/\/pharmacy-tlv.com\/pt\/wp-json\/wp\/v2\/media\/1669"}],"wp:attachment":[{"href":"https:\/\/pharmacy-tlv.com\/pt\/wp-json\/wp\/v2\/media?parent=1241"}],"wp:term":[{"taxonomy":"product_brand","embeddable":true,"href":"https:\/\/pharmacy-tlv.com\/pt\/wp-json\/wp\/v2\/product_brand?post=1241"},{"taxonomy":"product_cat","embeddable":true,"href":"https:\/\/pharmacy-tlv.com\/pt\/wp-json\/wp\/v2\/product_cat?post=1241"},{"taxonomy":"product_tag","embeddable":true,"href":"https:\/\/pharmacy-tlv.com\/pt\/wp-json\/wp\/v2\/product_tag?post=1241"}],"curies":[{"name":"wp","href":"https:\/\/api.w.org\/{rel}","templated":true}]}}