{"id":1236,"date":"2025-05-15T18:23:02","date_gmt":"2025-05-15T18:23:02","guid":{"rendered":"https:\/\/pharmacy-tlv.com\/?post_type=product&#038;p=1236"},"modified":"2025-05-23T14:40:17","modified_gmt":"2025-05-23T14:40:17","slug":"esponjas-menstruais-6pcs","status":"publish","type":"product","link":"https:\/\/pharmacy-tlv.com\/pt\/loja\/higiene-pessoal\/esponjas-menstruais-6pcs\/","title":{"rendered":"Esponjas menstruais (6 unidades)"},"content":{"rendered":"<p>Esponjas menstruais Macias<\/p>\n<p>Produtos de higiene menstrual.<\/p>\n<p><strong>Aplicativo<\/strong><\/p>\n<p>As esponjas menstruais s\u00e3o projetadas para coletar o sangue menstrual durante a menstrua\u00e7\u00e3o. Essa \u00e9 uma alternativa reutiliz\u00e1vel, ecol\u00f3gica e conveniente aos absorventes internos e internos tradicionais.<\/p>\n<p><strong>Motivo<\/strong><\/p>\n<p>Para garantir a higiene durante a menstrua\u00e7\u00e3o.<\/p>\n<p>Uma alternativa aos produtos de higiene tradicionais, como absorventes internos e externos.<\/p>\n<p>Pode ser usado por mulheres que preferem op\u00e7\u00f5es ecol\u00f3gicas e seguras para produtos de higiene.<\/p>\n<p><strong>Propriedade de cura<\/strong><\/p>\n<p>As esponjas absorvem o sangue menstrual, evitando a contamina\u00e7\u00e3o das roupas.<\/p>\n<p>Macio e confort\u00e1vel, proporciona comodidade ao ser usado durante o dia.<\/p>\n<p>Ecologicamente limpo e seguro para a sa\u00fade com os devidos cuidados (pode ser reutilizado).<\/p>\n<p>Permite que voc\u00ea evite irrita\u00e7\u00f5es, pois n\u00e3o cont\u00e9m produtos qu\u00edmicos.<\/p>\n<p><strong>Tipo de medicamento<\/strong><\/p>\n<p>Produto de higiene para uso externo.<\/p>\n<p><strong>Fabricante<\/strong><\/p>\n<p>Os fabricantes podem variar, por exemplo, a Soft (ou outras marcas que produzem esponjas menstruais).<\/p>\n<p><strong>Subst\u00e2ncias ativas<\/strong><\/p>\n<p>N\u00e3o h\u00e1 subst\u00e2ncias ativas na composi\u00e7\u00e3o, pois este produto \u00e9 feito de materiais naturais ou fibras sint\u00e9ticas.<\/p>","protected":false},"excerpt":{"rendered":"<p>Produtos de higiene menstrual.<\/p>\n<p>As esponjas menstruais s\u00e3o projetadas para coletar o sangue menstrual durante a menstrua\u00e7\u00e3o. Essa \u00e9 uma alternativa reutiliz\u00e1vel, ecol\u00f3gica e conveniente aos absorventes internos e internos tradicionais.<\/p>","protected":false},"featured_media":1653,"template":"","meta":[],"product_brand":[],"product_cat":[47,42],"product_tag":[],"class_list":{"0":"post-1236","1":"product","2":"type-product","3":"status-publish","4":"has-post-thumbnail","6":"product_cat-all-medications","7":"product_cat-personal-hygiene","9":"first","10":"instock","11":"shipping-taxable","12":"purchasable","13":"product-type-simple"},"yoast_head":"<!-- This site is optimized with the Yoast SEO plugin v25.1 - https:\/\/yoast.com\/wordpress\/plugins\/seo\/ -->\n<title>Menstrual sponges (6pcs) - Buy in Israel | Fast Delivery!<\/title>\n<meta name=\"description\" content=\"Menstrual hygiene products. Menstrual sponges are designed to collect menstrual blood during menstruation.\" \/>\n<meta name=\"robots\" content=\"index, follow, max-snippet:-1, max-image-preview:large, max-video-preview:-1\" \/>\n<link rel=\"canonical\" href=\"https:\/\/pharmacy-tlv.com\/pt\/loja\/higiene-pessoal\/esponjas-menstruais-6pcs\/\" \/>\n<meta property=\"og:locale\" content=\"pt_BR\" \/>\n<meta property=\"og:type\" content=\"article\" \/>\n<meta property=\"og:title\" content=\"Menstrual sponges (6pcs) - Buy in Israel | Fast Delivery!\" \/>\n<meta property=\"og:description\" content=\"Menstrual hygiene products. Menstrual sponges are designed to collect menstrual blood during menstruation.\" \/>\n<meta property=\"og:url\" content=\"https:\/\/pharmacy-tlv.com\/pt\/loja\/higiene-pessoal\/esponjas-menstruais-6pcs\/\" \/>\n<meta property=\"og:site_name\" content=\"Pharmacy TLV\" \/>\n<meta property=\"article:modified_time\" content=\"2025-05-23T14:40:17+00:00\" \/>\n<meta property=\"og:image\" content=\"https:\/\/mlz1smk5t7q7.i.optimole.com\/cb:lQg3.de6\/w:auto\/h:auto\/q:mauto\/https:\/\/pharmacy-tlv.com\/wp-content\/uploads\/2025\/05\/menstrual-sponge.jpg\" \/>\n\t<meta property=\"og:image:width\" content=\"250\" \/>\n\t<meta property=\"og:image:height\" content=\"250\" \/>\n\t<meta property=\"og:image:type\" content=\"image\/jpeg\" \/>\n<meta name=\"twitter:card\" content=\"summary_large_image\" \/>\n<meta name=\"twitter:label1\" content=\"Est. tempo de leitura\" \/>\n\t<meta name=\"twitter:data1\" content=\"1 minuto\" \/>\n<script type=\"application\/ld+json\" class=\"yoast-schema-graph\">{\"@context\":\"https:\/\/schema.org\",\"@graph\":[{\"@type\":\"WebPage\",\"@id\":\"https:\/\/pharmacy-tlv.com\/shop\/personal-hygiene\/menstrual-sponges-6pcs\/\",\"url\":\"https:\/\/pharmacy-tlv.com\/shop\/personal-hygiene\/menstrual-sponges-6pcs\/\",\"name\":\"Menstrual sponges (6pcs) - Buy in Israel | Fast Delivery!\",\"isPartOf\":{\"@id\":\"https:\/\/pharmacy-tlv.com\/#website\"},\"primaryImageOfPage\":{\"@id\":\"https:\/\/pharmacy-tlv.com\/shop\/personal-hygiene\/menstrual-sponges-6pcs\/#primaryimage\"},\"image\":{\"@id\":\"https:\/\/pharmacy-tlv.com\/shop\/personal-hygiene\/menstrual-sponges-6pcs\/#primaryimage\"},\"thumbnailUrl\":\"https:\/\/mlz1smk5t7q7.i.optimole.com\/cb:lQg3.de6\/w:auto\/h:auto\/q:mauto\/https:\/\/pharmacy-tlv.com\/wp-content\/uploads\/2025\/05\/menstrual-sponge.jpg\",\"datePublished\":\"2025-05-15T18:23:02+00:00\",\"dateModified\":\"2025-05-23T14:40:17+00:00\",\"description\":\"Menstrual hygiene products. Menstrual sponges are designed to collect menstrual blood during menstruation.\",\"breadcrumb\":{\"@id\":\"https:\/\/pharmacy-tlv.com\/shop\/personal-hygiene\/menstrual-sponges-6pcs\/#breadcrumb\"},\"inLanguage\":\"pt-BR\",\"potentialAction\":[{\"@type\":\"ReadAction\",\"target\":[\"https:\/\/pharmacy-tlv.com\/shop\/personal-hygiene\/menstrual-sponges-6pcs\/\"]}]},{\"@type\":\"ImageObject\",\"inLanguage\":\"pt-BR\",\"@id\":\"https:\/\/pharmacy-tlv.com\/shop\/personal-hygiene\/menstrual-sponges-6pcs\/#primaryimage\",\"url\":\"https:\/\/mlz1smk5t7q7.i.optimole.com\/cb:lQg3.de6\/w:auto\/h:auto\/q:mauto\/https:\/\/pharmacy-tlv.com\/wp-content\/uploads\/2025\/05\/menstrual-sponge.jpg\",\"contentUrl\":\"https:\/\/mlz1smk5t7q7.i.optimole.com\/cb:lQg3.de6\/w:auto\/h:auto\/q:mauto\/https:\/\/pharmacy-tlv.com\/wp-content\/uploads\/2025\/05\/menstrual-sponge.jpg\",\"width\":250,\"height\":250,\"caption\":\"menstrual sponge\"},{\"@type\":\"BreadcrumbList\",\"@id\":\"https:\/\/pharmacy-tlv.com\/shop\/personal-hygiene\/menstrual-sponges-6pcs\/#breadcrumb\",\"itemListElement\":[{\"@type\":\"ListItem\",\"position\":1,\"name\":\"Home\",\"item\":\"https:\/\/pharmacy-tlv.com\/\"},{\"@type\":\"ListItem\",\"position\":2,\"name\":\"Medications\",\"item\":\"https:\/\/pharmacy-tlv.com\/shop\/\"},{\"@type\":\"ListItem\",\"position\":3,\"name\":\"Menstrual sponges (6pcs)\"}]},{\"@type\":\"WebSite\",\"@id\":\"https:\/\/pharmacy-tlv.com\/#website\",\"url\":\"https:\/\/pharmacy-tlv.com\/\",\"name\":\"Pharmacy TLV\",\"description\":\"Trusted Israeli Medications\",\"publisher\":{\"@id\":\"https:\/\/pharmacy-tlv.com\/#organization\"},\"alternateName\":\"Pharmacy-TLV\",\"potentialAction\":[{\"@type\":\"SearchAction\",\"target\":{\"@type\":\"EntryPoint\",\"urlTemplate\":\"https:\/\/pharmacy-tlv.com\/?s={search_term_string}\"},\"query-input\":{\"@type\":\"PropertyValueSpecification\",\"valueRequired\":true,\"valueName\":\"search_term_string\"}}],\"inLanguage\":\"pt-BR\"},{\"@type\":\"Organization\",\"@id\":\"https:\/\/pharmacy-tlv.com\/#organization\",\"name\":\"Pharmacy TLV\",\"alternateName\":\"Pharmacy-TLV\",\"url\":\"https:\/\/pharmacy-tlv.com\/\",\"logo\":{\"@type\":\"ImageObject\",\"inLanguage\":\"pt-BR\",\"@id\":\"https:\/\/pharmacy-tlv.com\/#\/schema\/logo\/image\/\",\"url\":\"https:\/\/mlz1smk5t7q7.i.optimole.com\/cb:lQg3.de6\/w:auto\/h:auto\/q:mauto\/https:\/\/pharmacy-tlv.com\/wp-content\/uploads\/2025\/05\/pharmacy-white.png\",\"contentUrl\":\"https:\/\/mlz1smk5t7q7.i.optimole.com\/cb:lQg3.de6\/w:auto\/h:auto\/q:mauto\/https:\/\/pharmacy-tlv.com\/wp-content\/uploads\/2025\/05\/pharmacy-white.png\",\"width\":500,\"height\":500,\"caption\":\"Pharmacy TLV\"},\"image\":{\"@id\":\"https:\/\/pharmacy-tlv.com\/#\/schema\/logo\/image\/\"}}]}<\/script>\n<!-- \/ Yoast SEO plugin. -->","yoast_head_json":{"title":"Esponjas menstruais (6pcs) - Comprar em Israel | Entrega r\u00e1pida!","description":"Produtos de higiene menstrual. As esponjas menstruais s\u00e3o projetadas para coletar o sangue menstrual durante a menstrua\u00e7\u00e3o.","robots":{"index":"index","follow":"follow","max-snippet":"max-snippet:-1","max-image-preview":"max-image-preview:large","max-video-preview":"max-video-preview:-1"},"canonical":"https:\/\/pharmacy-tlv.com\/pt\/loja\/higiene-pessoal\/esponjas-menstruais-6pcs\/","og_locale":"pt_BR","og_type":"article","og_title":"Menstrual sponges (6pcs) - Buy in Israel | Fast Delivery!","og_description":"Menstrual hygiene products. Menstrual sponges are designed to collect menstrual blood during menstruation.","og_url":"https:\/\/pharmacy-tlv.com\/pt\/loja\/higiene-pessoal\/esponjas-menstruais-6pcs\/","og_site_name":"Pharmacy TLV","article_modified_time":"2025-05-23T14:40:17+00:00","og_image":[{"width":250,"height":250,"url":"https:\/\/mlz1smk5t7q7.i.optimole.com\/cb:lQg3.de6\/w:auto\/h:auto\/q:mauto\/https:\/\/pharmacy-tlv.com\/wp-content\/uploads\/2025\/05\/menstrual-sponge.jpg","type":"image\/jpeg"}],"twitter_card":"summary_large_image","twitter_misc":{"Est. tempo de leitura":"1 minuto"},"schema":{"@context":"https:\/\/schema.org","@graph":[{"@type":"WebPage","@id":"https:\/\/pharmacy-tlv.com\/shop\/personal-hygiene\/menstrual-sponges-6pcs\/","url":"https:\/\/pharmacy-tlv.com\/shop\/personal-hygiene\/menstrual-sponges-6pcs\/","name":"Esponjas menstruais (6pcs) - Comprar em Israel | Entrega r\u00e1pida!","isPartOf":{"@id":"https:\/\/pharmacy-tlv.com\/#website"},"primaryImageOfPage":{"@id":"https:\/\/pharmacy-tlv.com\/shop\/personal-hygiene\/menstrual-sponges-6pcs\/#primaryimage"},"image":{"@id":"https:\/\/pharmacy-tlv.com\/shop\/personal-hygiene\/menstrual-sponges-6pcs\/#primaryimage"},"thumbnailUrl":"https:\/\/mlz1smk5t7q7.i.optimole.com\/cb:lQg3.de6\/w:auto\/h:auto\/q:mauto\/https:\/\/pharmacy-tlv.com\/wp-content\/uploads\/2025\/05\/menstrual-sponge.jpg","datePublished":"2025-05-15T18:23:02+00:00","dateModified":"2025-05-23T14:40:17+00:00","description":"Produtos de higiene menstrual. As esponjas menstruais s\u00e3o projetadas para coletar o sangue menstrual durante a menstrua\u00e7\u00e3o.","breadcrumb":{"@id":"https:\/\/pharmacy-tlv.com\/shop\/personal-hygiene\/menstrual-sponges-6pcs\/#breadcrumb"},"inLanguage":"pt-BR","potentialAction":[{"@type":"ReadAction","target":["https:\/\/pharmacy-tlv.com\/shop\/personal-hygiene\/menstrual-sponges-6pcs\/"]}]},{"@type":"ImageObject","inLanguage":"pt-BR","@id":"https:\/\/pharmacy-tlv.com\/shop\/personal-hygiene\/menstrual-sponges-6pcs\/#primaryimage","url":"https:\/\/mlz1smk5t7q7.i.optimole.com\/cb:lQg3.de6\/w:auto\/h:auto\/q:mauto\/https:\/\/pharmacy-tlv.com\/wp-content\/uploads\/2025\/05\/menstrual-sponge.jpg","contentUrl":"https:\/\/mlz1smk5t7q7.i.optimole.com\/cb:lQg3.de6\/w:auto\/h:auto\/q:mauto\/https:\/\/pharmacy-tlv.com\/wp-content\/uploads\/2025\/05\/menstrual-sponge.jpg","width":250,"height":250,"caption":"menstrual sponge"},{"@type":"BreadcrumbList","@id":"https:\/\/pharmacy-tlv.com\/shop\/personal-hygiene\/menstrual-sponges-6pcs\/#breadcrumb","itemListElement":[{"@type":"ListItem","position":1,"name":"Home","item":"https:\/\/pharmacy-tlv.com\/"},{"@type":"ListItem","position":2,"name":"Medications","item":"https:\/\/pharmacy-tlv.com\/shop\/"},{"@type":"ListItem","position":3,"name":"Menstrual sponges (6pcs)"}]},{"@type":"WebSite","@id":"https:\/\/pharmacy-tlv.com\/#website","url":"https:\/\/pharmacy-tlv.com\/","name":"Farm\u00e1cia TLV","description":"Medicamentos israelenses de confian\u00e7a","publisher":{"@id":"https:\/\/pharmacy-tlv.com\/#organization"},"alternateName":"Pharmacy-TLV","potentialAction":[{"@type":"SearchAction","target":{"@type":"EntryPoint","urlTemplate":"https:\/\/pharmacy-tlv.com\/?s={search_term_string}"},"query-input":{"@type":"PropertyValueSpecification","valueRequired":true,"valueName":"search_term_string"}}],"inLanguage":"pt-BR"},{"@type":"Organization","@id":"https:\/\/pharmacy-tlv.com\/#organization","name":"Farm\u00e1cia TLV","alternateName":"Pharmacy-TLV","url":"https:\/\/pharmacy-tlv.com\/","logo":{"@type":"ImageObject","inLanguage":"pt-BR","@id":"https:\/\/pharmacy-tlv.com\/#\/schema\/logo\/image\/","url":"https:\/\/mlz1smk5t7q7.i.optimole.com\/cb:lQg3.de6\/w:auto\/h:auto\/q:mauto\/https:\/\/pharmacy-tlv.com\/wp-content\/uploads\/2025\/05\/pharmacy-white.png","contentUrl":"https:\/\/mlz1smk5t7q7.i.optimole.com\/cb:lQg3.de6\/w:auto\/h:auto\/q:mauto\/https:\/\/pharmacy-tlv.com\/wp-content\/uploads\/2025\/05\/pharmacy-white.png","width":500,"height":500,"caption":"Pharmacy TLV"},"image":{"@id":"https:\/\/pharmacy-tlv.com\/#\/schema\/logo\/image\/"}}]}},"_links":{"self":[{"href":"https:\/\/pharmacy-tlv.com\/pt\/wp-json\/wp\/v2\/product\/1236","targetHints":{"allow":["GET"]}}],"collection":[{"href":"https:\/\/pharmacy-tlv.com\/pt\/wp-json\/wp\/v2\/product"}],"about":[{"href":"https:\/\/pharmacy-tlv.com\/pt\/wp-json\/wp\/v2\/types\/product"}],"wp:featuredmedia":[{"embeddable":true,"href":"https:\/\/pharmacy-tlv.com\/pt\/wp-json\/wp\/v2\/media\/1653"}],"wp:attachment":[{"href":"https:\/\/pharmacy-tlv.com\/pt\/wp-json\/wp\/v2\/media?parent=1236"}],"wp:term":[{"taxonomy":"product_brand","embeddable":true,"href":"https:\/\/pharmacy-tlv.com\/pt\/wp-json\/wp\/v2\/product_brand?post=1236"},{"taxonomy":"product_cat","embeddable":true,"href":"https:\/\/pharmacy-tlv.com\/pt\/wp-json\/wp\/v2\/product_cat?post=1236"},{"taxonomy":"product_tag","embeddable":true,"href":"https:\/\/pharmacy-tlv.com\/pt\/wp-json\/wp\/v2\/product_tag?post=1236"}],"curies":[{"name":"wp","href":"https:\/\/api.w.org\/{rel}","templated":true}]}}