{"id":1235,"date":"2025-05-15T18:23:02","date_gmt":"2025-05-15T18:23:02","guid":{"rendered":"https:\/\/pharmacy-tlv.com\/?post_type=product&#038;p=1235"},"modified":"2025-05-23T14:33:28","modified_gmt":"2025-05-23T14:33:28","slug":"lovegel-100ml-water-based","status":"publish","type":"product","link":"https:\/\/pharmacy-tlv.com\/pt\/loja\/preservativos-lubrificantes\/lovegel-100ml-water-based\/","title":{"rendered":"Lovegel 100 ml \u00e0 base de \u00e1gua"},"content":{"rendered":"<p>Produto cosm\u00e9tico ou m\u00e9dico (dependendo da finalidade).<\/p>\n<p><strong>Aplicativo<\/strong><\/p>\n<p>Para hidratar e lubrificar a pele, bem como um meio de higiene pessoal ou para fins m\u00e9dicos (por exemplo, durante procedimentos de massagem, fisioterapia, exame de ultrassom). Geralmente usado como lubrificante para higiene \u00edntima.<\/p>\n<p><strong>Motivo<\/strong><\/p>\n<p>Hidrata\u00e7\u00e3o e prote\u00e7\u00e3o da pele.<\/p>\n<p>Lubrificante para massagem ou procedimentos que exijam deslizamento (por exemplo, exame de ultrassom).<\/p>\n<p>Use na esfera \u00edntima para uma rela\u00e7\u00e3o sexual confort\u00e1vel ou para o tratamento de irrita\u00e7\u00f5es.<\/p>\n<p><strong>Propriedade de cura<\/strong><\/p>\n<p>Proporciona hidrata\u00e7\u00e3o da pele e das membranas mucosas.<\/p>\n<p>Reduz o atrito e o desconforto, proporciona deslizamento durante a massagem ou outros procedimentos.<\/p>\n<p>Tem um efeito calmante e ajuda com irrita\u00e7\u00f5es na pele.<\/p>\n<p>Ele pode ser neutro para a pele, inodoro e sem a adi\u00e7\u00e3o de subst\u00e2ncias agressivas.<\/p>\n<p><strong>Tipo de medicamento<\/strong><\/p>\n<p>Gel para uso externo.<\/p>\n<p><strong>Fabricante<\/strong><\/p>\n<p>O fabricante pode variar de acordo com a regi\u00e3o e a finalidade. Por exemplo, FarmaVita, Himalaya ou outros.<\/p>\n<p><strong>Subst\u00e2ncias ativas<\/strong><\/p>\n<p>\u00c1gua (o principal componente).<\/p>\n<p>Subst\u00e2ncias adicionais, como glicerina, goma guar, extratos vegetais (dependendo da composi\u00e7\u00e3o).<\/p>","protected":false},"excerpt":{"rendered":"<p>Produto cosm\u00e9tico ou m\u00e9dico (dependendo da finalidade).<\/p>\n<p>For moisturizing and lubricating the skin, as well as a means for personal hygiene or for medical purposes (for example, during massage procedures, physiotherapy, ultrasound examination). Often used as a lubricant for intimate hygiene.<\/p>","protected":false},"featured_media":758,"template":"","meta":[],"product_brand":[],"product_cat":[47,35],"product_tag":[],"class_list":{"0":"post-1235","1":"product","2":"type-product","3":"status-publish","4":"has-post-thumbnail","6":"product_cat-all-medications","7":"product_cat-condoms-lubricants","9":"first","10":"instock","11":"shipping-taxable","12":"purchasable","13":"product-type-simple"},"yoast_head":"<!-- This site is optimized with the Yoast SEO plugin v25.1 - https:\/\/yoast.com\/wordpress\/plugins\/seo\/ -->\n<title>Lovegel 100ml water-based - Buy in Israel | Fast Delivery!<\/title>\n<meta name=\"description\" content=\"Cosmetic or medical product (depending on the purpose). For moisturizing and lubricating the skin, as well as a means for personal hygiene or for medical purposes.\" \/>\n<meta name=\"robots\" content=\"index, follow, max-snippet:-1, max-image-preview:large, max-video-preview:-1\" \/>\n<link rel=\"canonical\" href=\"https:\/\/pharmacy-tlv.com\/pt\/loja\/preservativos-lubrificantes\/lovegel-100ml-water-based\/\" \/>\n<meta property=\"og:locale\" content=\"pt_BR\" \/>\n<meta property=\"og:type\" content=\"article\" \/>\n<meta property=\"og:title\" content=\"Lovegel 100ml water-based - Buy in Israel | Fast Delivery!\" \/>\n<meta property=\"og:description\" content=\"Cosmetic or medical product (depending on the purpose). For moisturizing and lubricating the skin, as well as a means for personal hygiene or for medical purposes.\" \/>\n<meta property=\"og:url\" content=\"https:\/\/pharmacy-tlv.com\/pt\/loja\/preservativos-lubrificantes\/lovegel-100ml-water-based\/\" \/>\n<meta property=\"og:site_name\" content=\"Pharmacy TLV\" \/>\n<meta property=\"article:modified_time\" content=\"2025-05-23T14:33:28+00:00\" \/>\n<meta property=\"og:image\" content=\"https:\/\/mlz1smk5t7q7.i.optimole.com\/cb:lQg3.de6\/w:auto\/h:auto\/q:mauto\/https:\/\/pharmacy-tlv.com\/wp-content\/uploads\/2025\/05\/lovegel-100ml-water-based-israel.png\" \/>\n\t<meta property=\"og:image:width\" content=\"300\" \/>\n\t<meta property=\"og:image:height\" content=\"300\" \/>\n\t<meta property=\"og:image:type\" content=\"image\/png\" \/>\n<meta name=\"twitter:card\" content=\"summary_large_image\" \/>\n<meta name=\"twitter:label1\" content=\"Est. tempo de leitura\" \/>\n\t<meta name=\"twitter:data1\" content=\"1 minuto\" \/>\n<script type=\"application\/ld+json\" class=\"yoast-schema-graph\">{\"@context\":\"https:\/\/schema.org\",\"@graph\":[{\"@type\":\"WebPage\",\"@id\":\"https:\/\/pharmacy-tlv.com\/shop\/condoms-lubricants\/lovegel-100ml-water-based\/\",\"url\":\"https:\/\/pharmacy-tlv.com\/shop\/condoms-lubricants\/lovegel-100ml-water-based\/\",\"name\":\"Lovegel 100ml water-based - Buy in Israel | Fast Delivery!\",\"isPartOf\":{\"@id\":\"https:\/\/pharmacy-tlv.com\/#website\"},\"primaryImageOfPage\":{\"@id\":\"https:\/\/pharmacy-tlv.com\/shop\/condoms-lubricants\/lovegel-100ml-water-based\/#primaryimage\"},\"image\":{\"@id\":\"https:\/\/pharmacy-tlv.com\/shop\/condoms-lubricants\/lovegel-100ml-water-based\/#primaryimage\"},\"thumbnailUrl\":\"https:\/\/mlz1smk5t7q7.i.optimole.com\/cb:lQg3.de6\/w:auto\/h:auto\/q:mauto\/https:\/\/pharmacy-tlv.com\/wp-content\/uploads\/2025\/05\/lovegel-100ml-water-based-israel.png\",\"datePublished\":\"2025-05-15T18:23:02+00:00\",\"dateModified\":\"2025-05-23T14:33:28+00:00\",\"description\":\"Cosmetic or medical product (depending on the purpose). For moisturizing and lubricating the skin, as well as a means for personal hygiene or for medical purposes.\",\"breadcrumb\":{\"@id\":\"https:\/\/pharmacy-tlv.com\/shop\/condoms-lubricants\/lovegel-100ml-water-based\/#breadcrumb\"},\"inLanguage\":\"pt-BR\",\"potentialAction\":[{\"@type\":\"ReadAction\",\"target\":[\"https:\/\/pharmacy-tlv.com\/shop\/condoms-lubricants\/lovegel-100ml-water-based\/\"]}]},{\"@type\":\"ImageObject\",\"inLanguage\":\"pt-BR\",\"@id\":\"https:\/\/pharmacy-tlv.com\/shop\/condoms-lubricants\/lovegel-100ml-water-based\/#primaryimage\",\"url\":\"https:\/\/mlz1smk5t7q7.i.optimole.com\/cb:lQg3.de6\/w:auto\/h:auto\/q:mauto\/https:\/\/pharmacy-tlv.com\/wp-content\/uploads\/2025\/05\/lovegel-100ml-water-based-israel.png\",\"contentUrl\":\"https:\/\/mlz1smk5t7q7.i.optimole.com\/cb:lQg3.de6\/w:auto\/h:auto\/q:mauto\/https:\/\/pharmacy-tlv.com\/wp-content\/uploads\/2025\/05\/lovegel-100ml-water-based-israel.png\",\"width\":300,\"height\":300,\"caption\":\"lovegel-100ml-water-based-israel\"},{\"@type\":\"BreadcrumbList\",\"@id\":\"https:\/\/pharmacy-tlv.com\/shop\/condoms-lubricants\/lovegel-100ml-water-based\/#breadcrumb\",\"itemListElement\":[{\"@type\":\"ListItem\",\"position\":1,\"name\":\"Home\",\"item\":\"https:\/\/pharmacy-tlv.com\/\"},{\"@type\":\"ListItem\",\"position\":2,\"name\":\"Medications\",\"item\":\"https:\/\/pharmacy-tlv.com\/shop\/\"},{\"@type\":\"ListItem\",\"position\":3,\"name\":\"Lovegel 100ml water-based\"}]},{\"@type\":\"WebSite\",\"@id\":\"https:\/\/pharmacy-tlv.com\/#website\",\"url\":\"https:\/\/pharmacy-tlv.com\/\",\"name\":\"Pharmacy TLV\",\"description\":\"Trusted Israeli Medications\",\"publisher\":{\"@id\":\"https:\/\/pharmacy-tlv.com\/#organization\"},\"alternateName\":\"Pharmacy-TLV\",\"potentialAction\":[{\"@type\":\"SearchAction\",\"target\":{\"@type\":\"EntryPoint\",\"urlTemplate\":\"https:\/\/pharmacy-tlv.com\/?s={search_term_string}\"},\"query-input\":{\"@type\":\"PropertyValueSpecification\",\"valueRequired\":true,\"valueName\":\"search_term_string\"}}],\"inLanguage\":\"pt-BR\"},{\"@type\":\"Organization\",\"@id\":\"https:\/\/pharmacy-tlv.com\/#organization\",\"name\":\"Pharmacy TLV\",\"alternateName\":\"Pharmacy-TLV\",\"url\":\"https:\/\/pharmacy-tlv.com\/\",\"logo\":{\"@type\":\"ImageObject\",\"inLanguage\":\"pt-BR\",\"@id\":\"https:\/\/pharmacy-tlv.com\/#\/schema\/logo\/image\/\",\"url\":\"https:\/\/mlz1smk5t7q7.i.optimole.com\/cb:lQg3.de6\/w:auto\/h:auto\/q:mauto\/https:\/\/pharmacy-tlv.com\/wp-content\/uploads\/2025\/05\/pharmacy-white.png\",\"contentUrl\":\"https:\/\/mlz1smk5t7q7.i.optimole.com\/cb:lQg3.de6\/w:auto\/h:auto\/q:mauto\/https:\/\/pharmacy-tlv.com\/wp-content\/uploads\/2025\/05\/pharmacy-white.png\",\"width\":500,\"height\":500,\"caption\":\"Pharmacy TLV\"},\"image\":{\"@id\":\"https:\/\/pharmacy-tlv.com\/#\/schema\/logo\/image\/\"}}]}<\/script>\n<!-- \/ Yoast SEO plugin. -->","yoast_head_json":{"title":"Lovegel 100ml \u00e0 base de \u00e1gua - Comprar em Israel | Entrega r\u00e1pida!","description":"Produto cosm\u00e9tico ou m\u00e9dico (dependendo da finalidade). Para hidrata\u00e7\u00e3o e lubrifica\u00e7\u00e3o da pele, bem como um meio de higiene pessoal ou para fins m\u00e9dicos.","robots":{"index":"index","follow":"follow","max-snippet":"max-snippet:-1","max-image-preview":"max-image-preview:large","max-video-preview":"max-video-preview:-1"},"canonical":"https:\/\/pharmacy-tlv.com\/pt\/loja\/preservativos-lubrificantes\/lovegel-100ml-water-based\/","og_locale":"pt_BR","og_type":"article","og_title":"Lovegel 100ml water-based - Buy in Israel | Fast Delivery!","og_description":"Cosmetic or medical product (depending on the purpose). For moisturizing and lubricating the skin, as well as a means for personal hygiene or for medical purposes.","og_url":"https:\/\/pharmacy-tlv.com\/pt\/loja\/preservativos-lubrificantes\/lovegel-100ml-water-based\/","og_site_name":"Pharmacy TLV","article_modified_time":"2025-05-23T14:33:28+00:00","og_image":[{"width":300,"height":300,"url":"https:\/\/mlz1smk5t7q7.i.optimole.com\/cb:lQg3.de6\/w:auto\/h:auto\/q:mauto\/https:\/\/pharmacy-tlv.com\/wp-content\/uploads\/2025\/05\/lovegel-100ml-water-based-israel.png","type":"image\/png"}],"twitter_card":"summary_large_image","twitter_misc":{"Est. tempo de leitura":"1 minuto"},"schema":{"@context":"https:\/\/schema.org","@graph":[{"@type":"WebPage","@id":"https:\/\/pharmacy-tlv.com\/shop\/condoms-lubricants\/lovegel-100ml-water-based\/","url":"https:\/\/pharmacy-tlv.com\/shop\/condoms-lubricants\/lovegel-100ml-water-based\/","name":"Lovegel 100ml \u00e0 base de \u00e1gua - Comprar em Israel | Entrega r\u00e1pida!","isPartOf":{"@id":"https:\/\/pharmacy-tlv.com\/#website"},"primaryImageOfPage":{"@id":"https:\/\/pharmacy-tlv.com\/shop\/condoms-lubricants\/lovegel-100ml-water-based\/#primaryimage"},"image":{"@id":"https:\/\/pharmacy-tlv.com\/shop\/condoms-lubricants\/lovegel-100ml-water-based\/#primaryimage"},"thumbnailUrl":"https:\/\/mlz1smk5t7q7.i.optimole.com\/cb:lQg3.de6\/w:auto\/h:auto\/q:mauto\/https:\/\/pharmacy-tlv.com\/wp-content\/uploads\/2025\/05\/lovegel-100ml-water-based-israel.png","datePublished":"2025-05-15T18:23:02+00:00","dateModified":"2025-05-23T14:33:28+00:00","description":"Produto cosm\u00e9tico ou m\u00e9dico (dependendo da finalidade). Para hidrata\u00e7\u00e3o e lubrifica\u00e7\u00e3o da pele, bem como um meio de higiene pessoal ou para fins m\u00e9dicos.","breadcrumb":{"@id":"https:\/\/pharmacy-tlv.com\/shop\/condoms-lubricants\/lovegel-100ml-water-based\/#breadcrumb"},"inLanguage":"pt-BR","potentialAction":[{"@type":"ReadAction","target":["https:\/\/pharmacy-tlv.com\/shop\/condoms-lubricants\/lovegel-100ml-water-based\/"]}]},{"@type":"ImageObject","inLanguage":"pt-BR","@id":"https:\/\/pharmacy-tlv.com\/shop\/condoms-lubricants\/lovegel-100ml-water-based\/#primaryimage","url":"https:\/\/mlz1smk5t7q7.i.optimole.com\/cb:lQg3.de6\/w:auto\/h:auto\/q:mauto\/https:\/\/pharmacy-tlv.com\/wp-content\/uploads\/2025\/05\/lovegel-100ml-water-based-israel.png","contentUrl":"https:\/\/mlz1smk5t7q7.i.optimole.com\/cb:lQg3.de6\/w:auto\/h:auto\/q:mauto\/https:\/\/pharmacy-tlv.com\/wp-content\/uploads\/2025\/05\/lovegel-100ml-water-based-israel.png","width":300,"height":300,"caption":"lovegel-100ml-water-based-israel"},{"@type":"BreadcrumbList","@id":"https:\/\/pharmacy-tlv.com\/shop\/condoms-lubricants\/lovegel-100ml-water-based\/#breadcrumb","itemListElement":[{"@type":"ListItem","position":1,"name":"Home","item":"https:\/\/pharmacy-tlv.com\/"},{"@type":"ListItem","position":2,"name":"Medications","item":"https:\/\/pharmacy-tlv.com\/shop\/"},{"@type":"ListItem","position":3,"name":"Lovegel 100ml water-based"}]},{"@type":"WebSite","@id":"https:\/\/pharmacy-tlv.com\/#website","url":"https:\/\/pharmacy-tlv.com\/","name":"Farm\u00e1cia TLV","description":"Medicamentos israelenses de confian\u00e7a","publisher":{"@id":"https:\/\/pharmacy-tlv.com\/#organization"},"alternateName":"Pharmacy-TLV","potentialAction":[{"@type":"SearchAction","target":{"@type":"EntryPoint","urlTemplate":"https:\/\/pharmacy-tlv.com\/?s={search_term_string}"},"query-input":{"@type":"PropertyValueSpecification","valueRequired":true,"valueName":"search_term_string"}}],"inLanguage":"pt-BR"},{"@type":"Organization","@id":"https:\/\/pharmacy-tlv.com\/#organization","name":"Farm\u00e1cia TLV","alternateName":"Pharmacy-TLV","url":"https:\/\/pharmacy-tlv.com\/","logo":{"@type":"ImageObject","inLanguage":"pt-BR","@id":"https:\/\/pharmacy-tlv.com\/#\/schema\/logo\/image\/","url":"https:\/\/mlz1smk5t7q7.i.optimole.com\/cb:lQg3.de6\/w:auto\/h:auto\/q:mauto\/https:\/\/pharmacy-tlv.com\/wp-content\/uploads\/2025\/05\/pharmacy-white.png","contentUrl":"https:\/\/mlz1smk5t7q7.i.optimole.com\/cb:lQg3.de6\/w:auto\/h:auto\/q:mauto\/https:\/\/pharmacy-tlv.com\/wp-content\/uploads\/2025\/05\/pharmacy-white.png","width":500,"height":500,"caption":"Pharmacy TLV"},"image":{"@id":"https:\/\/pharmacy-tlv.com\/#\/schema\/logo\/image\/"}}]}},"_links":{"self":[{"href":"https:\/\/pharmacy-tlv.com\/pt\/wp-json\/wp\/v2\/product\/1235","targetHints":{"allow":["GET"]}}],"collection":[{"href":"https:\/\/pharmacy-tlv.com\/pt\/wp-json\/wp\/v2\/product"}],"about":[{"href":"https:\/\/pharmacy-tlv.com\/pt\/wp-json\/wp\/v2\/types\/product"}],"wp:featuredmedia":[{"embeddable":true,"href":"https:\/\/pharmacy-tlv.com\/pt\/wp-json\/wp\/v2\/media\/758"}],"wp:attachment":[{"href":"https:\/\/pharmacy-tlv.com\/pt\/wp-json\/wp\/v2\/media?parent=1235"}],"wp:term":[{"taxonomy":"product_brand","embeddable":true,"href":"https:\/\/pharmacy-tlv.com\/pt\/wp-json\/wp\/v2\/product_brand?post=1235"},{"taxonomy":"product_cat","embeddable":true,"href":"https:\/\/pharmacy-tlv.com\/pt\/wp-json\/wp\/v2\/product_cat?post=1235"},{"taxonomy":"product_tag","embeddable":true,"href":"https:\/\/pharmacy-tlv.com\/pt\/wp-json\/wp\/v2\/product_tag?post=1235"}],"curies":[{"name":"wp","href":"https:\/\/api.w.org\/{rel}","templated":true}]}}