{"id":1229,"date":"2025-05-15T18:23:02","date_gmt":"2025-05-15T18:23:02","guid":{"rendered":"https:\/\/pharmacy-tlv.com\/?post_type=product&#038;p=1229"},"modified":"2025-05-23T14:37:22","modified_gmt":"2025-05-23T14:37:22","slug":"durex-thin-feel-10pcs","status":"publish","type":"product","link":"https:\/\/pharmacy-tlv.com\/pt\/loja\/preservativos-lubrificantes\/durex-thin-feel-10pcs\/","title":{"rendered":"Durex THIN Feel (10pcs)"},"content":{"rendered":"<p>Durex<\/p>\n<p><strong>Aplicativo<\/strong><\/p>\n<p>Para evitar gravidez indesejada e proteger contra infec\u00e7\u00f5es sexualmente transmiss\u00edveis (ISTs). Esses preservativos t\u00eam uma estrutura ultrafina que proporciona m\u00e1xima sensa\u00e7\u00e3o e conforto durante o uso.<\/p>\n<p><strong>Motivo<\/strong><\/p>\n<p>Preven\u00e7\u00e3o de gravidez indesejada.<\/p>\n<p>Prote\u00e7\u00e3o contra infec\u00e7\u00f5es sexualmente transmiss\u00edveis (ISTs), inclusive v\u00edrus e bact\u00e9rias.<\/p>\n<p>O design fino proporciona uma sensa\u00e7\u00e3o mais natural durante a rela\u00e7\u00e3o sexual, mantendo uma prote\u00e7\u00e3o confi\u00e1vel.<\/p>\n<p><strong>Propriedade de tratamento<\/strong><\/p>\n<p>Contraceptivo de barreira que impede que o esperma entre no corpo da mulher.<br \/>\nAs paredes ultrafinas do preservativo criam uma sensa\u00e7\u00e3o mais sens\u00edvel e, ao mesmo tempo, mant\u00eam uma prote\u00e7\u00e3o confi\u00e1vel.<\/p>\n<p>Protege contra a maioria das infec\u00e7\u00f5es sexualmente transmiss\u00edveis, inclusive doen\u00e7as transmitidas pelo sangue e pelas membranas mucosas.<\/p>\n<p><strong>Tipo de medicamento<\/strong><\/p>\n<p>Preservativos de uso \u00fanico.<\/p>\n<p><strong>Fabricante<\/strong><\/p>\n<p>Durex, Reino Unido (ou outros pa\u00edses, dependendo da regi\u00e3o).<\/p>\n<p><strong>Subst\u00e2ncias ativas<\/strong><\/p>\n<p>L\u00e1tex (o principal material para a fabrica\u00e7\u00e3o de preservativos, n\u00e3o cont\u00e9m subst\u00e2ncias ativas usadas em prepara\u00e7\u00f5es medicinais).<\/p>\n<p><em>#comprar Durex THIN Feel em Israel, #Durex THIN Feel em Israel, #durex thin feel Israel, #Durex THIN Feel Israel<\/em> <em>#comprar Durex thin feel em Israel, #Durex thin feel em Israel, #durex thin feel Israel<\/em> <em>#Durex THIN Feel frete gr\u00e1tis, #Durex thin feel frete gr\u00e1tis<\/em><\/p>","protected":false},"excerpt":{"rendered":"<p>Para evitar gravidez indesejada e proteger contra infec\u00e7\u00f5es sexualmente transmiss\u00edveis (ISTs). Esses preservativos t\u00eam uma estrutura ultrafina que proporciona m\u00e1xima sensa\u00e7\u00e3o e conforto durante o uso.<\/p>","protected":false},"featured_media":752,"template":"","meta":[],"product_brand":[],"product_cat":[47,35],"product_tag":[],"class_list":{"0":"post-1229","1":"product","2":"type-product","3":"status-publish","4":"has-post-thumbnail","6":"product_cat-all-medications","7":"product_cat-condoms-lubricants","9":"first","10":"instock","11":"shipping-taxable","12":"purchasable","13":"product-type-simple"},"yoast_head":"<!-- This site is optimized with the Yoast SEO plugin v25.1 - https:\/\/yoast.com\/wordpress\/plugins\/seo\/ -->\n<title>Durex THIN Feel (10pcs) - Buy in Israel | Fast Delivery!<\/title>\n<meta name=\"description\" content=\"To prevent unwanted pregnancy and protect against sexually transmitted infections (STIs). These condoms have an ultra-thin structure.\" \/>\n<meta name=\"robots\" content=\"index, follow, max-snippet:-1, max-image-preview:large, max-video-preview:-1\" \/>\n<link rel=\"canonical\" href=\"https:\/\/pharmacy-tlv.com\/pt\/loja\/preservativos-lubrificantes\/durex-thin-feel-10pcs\/\" \/>\n<meta property=\"og:locale\" content=\"pt_BR\" \/>\n<meta property=\"og:type\" content=\"article\" \/>\n<meta property=\"og:title\" content=\"Durex THIN Feel (10pcs) - Buy in Israel | Fast Delivery!\" \/>\n<meta property=\"og:description\" content=\"To prevent unwanted pregnancy and protect against sexually transmitted infections (STIs). These condoms have an ultra-thin structure.\" \/>\n<meta property=\"og:url\" content=\"https:\/\/pharmacy-tlv.com\/pt\/loja\/preservativos-lubrificantes\/durex-thin-feel-10pcs\/\" \/>\n<meta property=\"og:site_name\" content=\"Pharmacy TLV\" \/>\n<meta property=\"article:modified_time\" content=\"2025-05-23T14:37:22+00:00\" \/>\n<meta property=\"og:image\" content=\"https:\/\/mlz1smk5t7q7.i.optimole.com\/cb:lQg3.de6\/w:auto\/h:auto\/q:mauto\/https:\/\/pharmacy-tlv.com\/wp-content\/uploads\/2025\/05\/durex-thin-feel-10pcs-israel.png\" \/>\n\t<meta property=\"og:image:width\" content=\"300\" \/>\n\t<meta property=\"og:image:height\" content=\"300\" \/>\n\t<meta property=\"og:image:type\" content=\"image\/png\" \/>\n<meta name=\"twitter:card\" content=\"summary_large_image\" \/>\n<meta name=\"twitter:label1\" content=\"Est. tempo de leitura\" \/>\n\t<meta name=\"twitter:data1\" content=\"1 minuto\" \/>\n<script type=\"application\/ld+json\" class=\"yoast-schema-graph\">{\"@context\":\"https:\/\/schema.org\",\"@graph\":[{\"@type\":\"WebPage\",\"@id\":\"https:\/\/pharmacy-tlv.com\/shop\/condoms-lubricants\/durex-thin-feel-10pcs\/\",\"url\":\"https:\/\/pharmacy-tlv.com\/shop\/condoms-lubricants\/durex-thin-feel-10pcs\/\",\"name\":\"Durex THIN Feel (10pcs) - Buy in Israel | Fast Delivery!\",\"isPartOf\":{\"@id\":\"https:\/\/pharmacy-tlv.com\/#website\"},\"primaryImageOfPage\":{\"@id\":\"https:\/\/pharmacy-tlv.com\/shop\/condoms-lubricants\/durex-thin-feel-10pcs\/#primaryimage\"},\"image\":{\"@id\":\"https:\/\/pharmacy-tlv.com\/shop\/condoms-lubricants\/durex-thin-feel-10pcs\/#primaryimage\"},\"thumbnailUrl\":\"https:\/\/mlz1smk5t7q7.i.optimole.com\/cb:lQg3.de6\/w:auto\/h:auto\/q:mauto\/https:\/\/pharmacy-tlv.com\/wp-content\/uploads\/2025\/05\/durex-thin-feel-10pcs-israel.png\",\"datePublished\":\"2025-05-15T18:23:02+00:00\",\"dateModified\":\"2025-05-23T14:37:22+00:00\",\"description\":\"To prevent unwanted pregnancy and protect against sexually transmitted infections (STIs). These condoms have an ultra-thin structure.\",\"breadcrumb\":{\"@id\":\"https:\/\/pharmacy-tlv.com\/shop\/condoms-lubricants\/durex-thin-feel-10pcs\/#breadcrumb\"},\"inLanguage\":\"pt-BR\",\"potentialAction\":[{\"@type\":\"ReadAction\",\"target\":[\"https:\/\/pharmacy-tlv.com\/shop\/condoms-lubricants\/durex-thin-feel-10pcs\/\"]}]},{\"@type\":\"ImageObject\",\"inLanguage\":\"pt-BR\",\"@id\":\"https:\/\/pharmacy-tlv.com\/shop\/condoms-lubricants\/durex-thin-feel-10pcs\/#primaryimage\",\"url\":\"https:\/\/mlz1smk5t7q7.i.optimole.com\/cb:lQg3.de6\/w:auto\/h:auto\/q:mauto\/https:\/\/pharmacy-tlv.com\/wp-content\/uploads\/2025\/05\/durex-thin-feel-10pcs-israel.png\",\"contentUrl\":\"https:\/\/mlz1smk5t7q7.i.optimole.com\/cb:lQg3.de6\/w:auto\/h:auto\/q:mauto\/https:\/\/pharmacy-tlv.com\/wp-content\/uploads\/2025\/05\/durex-thin-feel-10pcs-israel.png\",\"width\":300,\"height\":300,\"caption\":\"durex thin feel 10pcs israel\"},{\"@type\":\"BreadcrumbList\",\"@id\":\"https:\/\/pharmacy-tlv.com\/shop\/condoms-lubricants\/durex-thin-feel-10pcs\/#breadcrumb\",\"itemListElement\":[{\"@type\":\"ListItem\",\"position\":1,\"name\":\"Home\",\"item\":\"https:\/\/pharmacy-tlv.com\/\"},{\"@type\":\"ListItem\",\"position\":2,\"name\":\"Medications\",\"item\":\"https:\/\/pharmacy-tlv.com\/shop\/\"},{\"@type\":\"ListItem\",\"position\":3,\"name\":\"Durex THIN Feel (10pcs)\"}]},{\"@type\":\"WebSite\",\"@id\":\"https:\/\/pharmacy-tlv.com\/#website\",\"url\":\"https:\/\/pharmacy-tlv.com\/\",\"name\":\"Pharmacy TLV\",\"description\":\"Trusted Israeli Medications\",\"publisher\":{\"@id\":\"https:\/\/pharmacy-tlv.com\/#organization\"},\"alternateName\":\"Pharmacy-TLV\",\"potentialAction\":[{\"@type\":\"SearchAction\",\"target\":{\"@type\":\"EntryPoint\",\"urlTemplate\":\"https:\/\/pharmacy-tlv.com\/?s={search_term_string}\"},\"query-input\":{\"@type\":\"PropertyValueSpecification\",\"valueRequired\":true,\"valueName\":\"search_term_string\"}}],\"inLanguage\":\"pt-BR\"},{\"@type\":\"Organization\",\"@id\":\"https:\/\/pharmacy-tlv.com\/#organization\",\"name\":\"Pharmacy TLV\",\"alternateName\":\"Pharmacy-TLV\",\"url\":\"https:\/\/pharmacy-tlv.com\/\",\"logo\":{\"@type\":\"ImageObject\",\"inLanguage\":\"pt-BR\",\"@id\":\"https:\/\/pharmacy-tlv.com\/#\/schema\/logo\/image\/\",\"url\":\"https:\/\/mlz1smk5t7q7.i.optimole.com\/cb:lQg3.de6\/w:auto\/h:auto\/q:mauto\/https:\/\/pharmacy-tlv.com\/wp-content\/uploads\/2025\/05\/pharmacy-white.png\",\"contentUrl\":\"https:\/\/mlz1smk5t7q7.i.optimole.com\/cb:lQg3.de6\/w:auto\/h:auto\/q:mauto\/https:\/\/pharmacy-tlv.com\/wp-content\/uploads\/2025\/05\/pharmacy-white.png\",\"width\":500,\"height\":500,\"caption\":\"Pharmacy TLV\"},\"image\":{\"@id\":\"https:\/\/pharmacy-tlv.com\/#\/schema\/logo\/image\/\"}}]}<\/script>\n<!-- \/ Yoast SEO plugin. -->","yoast_head_json":{"title":"Durex THIN Feel (10pcs) - Comprar em Israel | Entrega r\u00e1pida!","description":"Para evitar gravidez indesejada e proteger contra infec\u00e7\u00f5es sexualmente transmiss\u00edveis (ISTs). Esses preservativos t\u00eam uma estrutura ultrafina.","robots":{"index":"index","follow":"follow","max-snippet":"max-snippet:-1","max-image-preview":"max-image-preview:large","max-video-preview":"max-video-preview:-1"},"canonical":"https:\/\/pharmacy-tlv.com\/pt\/loja\/preservativos-lubrificantes\/durex-thin-feel-10pcs\/","og_locale":"pt_BR","og_type":"article","og_title":"Durex THIN Feel (10pcs) - Buy in Israel | Fast Delivery!","og_description":"To prevent unwanted pregnancy and protect against sexually transmitted infections (STIs). These condoms have an ultra-thin structure.","og_url":"https:\/\/pharmacy-tlv.com\/pt\/loja\/preservativos-lubrificantes\/durex-thin-feel-10pcs\/","og_site_name":"Pharmacy TLV","article_modified_time":"2025-05-23T14:37:22+00:00","og_image":[{"width":300,"height":300,"url":"https:\/\/mlz1smk5t7q7.i.optimole.com\/cb:lQg3.de6\/w:auto\/h:auto\/q:mauto\/https:\/\/pharmacy-tlv.com\/wp-content\/uploads\/2025\/05\/durex-thin-feel-10pcs-israel.png","type":"image\/png"}],"twitter_card":"summary_large_image","twitter_misc":{"Est. tempo de leitura":"1 minuto"},"schema":{"@context":"https:\/\/schema.org","@graph":[{"@type":"WebPage","@id":"https:\/\/pharmacy-tlv.com\/shop\/condoms-lubricants\/durex-thin-feel-10pcs\/","url":"https:\/\/pharmacy-tlv.com\/shop\/condoms-lubricants\/durex-thin-feel-10pcs\/","name":"Durex THIN Feel (10pcs) - Comprar em Israel | Entrega r\u00e1pida!","isPartOf":{"@id":"https:\/\/pharmacy-tlv.com\/#website"},"primaryImageOfPage":{"@id":"https:\/\/pharmacy-tlv.com\/shop\/condoms-lubricants\/durex-thin-feel-10pcs\/#primaryimage"},"image":{"@id":"https:\/\/pharmacy-tlv.com\/shop\/condoms-lubricants\/durex-thin-feel-10pcs\/#primaryimage"},"thumbnailUrl":"https:\/\/mlz1smk5t7q7.i.optimole.com\/cb:lQg3.de6\/w:auto\/h:auto\/q:mauto\/https:\/\/pharmacy-tlv.com\/wp-content\/uploads\/2025\/05\/durex-thin-feel-10pcs-israel.png","datePublished":"2025-05-15T18:23:02+00:00","dateModified":"2025-05-23T14:37:22+00:00","description":"Para evitar gravidez indesejada e proteger contra infec\u00e7\u00f5es sexualmente transmiss\u00edveis (ISTs). Esses preservativos t\u00eam uma estrutura ultrafina.","breadcrumb":{"@id":"https:\/\/pharmacy-tlv.com\/shop\/condoms-lubricants\/durex-thin-feel-10pcs\/#breadcrumb"},"inLanguage":"pt-BR","potentialAction":[{"@type":"ReadAction","target":["https:\/\/pharmacy-tlv.com\/shop\/condoms-lubricants\/durex-thin-feel-10pcs\/"]}]},{"@type":"ImageObject","inLanguage":"pt-BR","@id":"https:\/\/pharmacy-tlv.com\/shop\/condoms-lubricants\/durex-thin-feel-10pcs\/#primaryimage","url":"https:\/\/mlz1smk5t7q7.i.optimole.com\/cb:lQg3.de6\/w:auto\/h:auto\/q:mauto\/https:\/\/pharmacy-tlv.com\/wp-content\/uploads\/2025\/05\/durex-thin-feel-10pcs-israel.png","contentUrl":"https:\/\/mlz1smk5t7q7.i.optimole.com\/cb:lQg3.de6\/w:auto\/h:auto\/q:mauto\/https:\/\/pharmacy-tlv.com\/wp-content\/uploads\/2025\/05\/durex-thin-feel-10pcs-israel.png","width":300,"height":300,"caption":"durex thin feel 10pcs israel"},{"@type":"BreadcrumbList","@id":"https:\/\/pharmacy-tlv.com\/shop\/condoms-lubricants\/durex-thin-feel-10pcs\/#breadcrumb","itemListElement":[{"@type":"ListItem","position":1,"name":"Home","item":"https:\/\/pharmacy-tlv.com\/"},{"@type":"ListItem","position":2,"name":"Medications","item":"https:\/\/pharmacy-tlv.com\/shop\/"},{"@type":"ListItem","position":3,"name":"Durex THIN Feel (10pcs)"}]},{"@type":"WebSite","@id":"https:\/\/pharmacy-tlv.com\/#website","url":"https:\/\/pharmacy-tlv.com\/","name":"Farm\u00e1cia TLV","description":"Medicamentos israelenses de confian\u00e7a","publisher":{"@id":"https:\/\/pharmacy-tlv.com\/#organization"},"alternateName":"Pharmacy-TLV","potentialAction":[{"@type":"SearchAction","target":{"@type":"EntryPoint","urlTemplate":"https:\/\/pharmacy-tlv.com\/?s={search_term_string}"},"query-input":{"@type":"PropertyValueSpecification","valueRequired":true,"valueName":"search_term_string"}}],"inLanguage":"pt-BR"},{"@type":"Organization","@id":"https:\/\/pharmacy-tlv.com\/#organization","name":"Farm\u00e1cia TLV","alternateName":"Pharmacy-TLV","url":"https:\/\/pharmacy-tlv.com\/","logo":{"@type":"ImageObject","inLanguage":"pt-BR","@id":"https:\/\/pharmacy-tlv.com\/#\/schema\/logo\/image\/","url":"https:\/\/mlz1smk5t7q7.i.optimole.com\/cb:lQg3.de6\/w:auto\/h:auto\/q:mauto\/https:\/\/pharmacy-tlv.com\/wp-content\/uploads\/2025\/05\/pharmacy-white.png","contentUrl":"https:\/\/mlz1smk5t7q7.i.optimole.com\/cb:lQg3.de6\/w:auto\/h:auto\/q:mauto\/https:\/\/pharmacy-tlv.com\/wp-content\/uploads\/2025\/05\/pharmacy-white.png","width":500,"height":500,"caption":"Pharmacy TLV"},"image":{"@id":"https:\/\/pharmacy-tlv.com\/#\/schema\/logo\/image\/"}}]}},"_links":{"self":[{"href":"https:\/\/pharmacy-tlv.com\/pt\/wp-json\/wp\/v2\/product\/1229","targetHints":{"allow":["GET"]}}],"collection":[{"href":"https:\/\/pharmacy-tlv.com\/pt\/wp-json\/wp\/v2\/product"}],"about":[{"href":"https:\/\/pharmacy-tlv.com\/pt\/wp-json\/wp\/v2\/types\/product"}],"wp:featuredmedia":[{"embeddable":true,"href":"https:\/\/pharmacy-tlv.com\/pt\/wp-json\/wp\/v2\/media\/752"}],"wp:attachment":[{"href":"https:\/\/pharmacy-tlv.com\/pt\/wp-json\/wp\/v2\/media?parent=1229"}],"wp:term":[{"taxonomy":"product_brand","embeddable":true,"href":"https:\/\/pharmacy-tlv.com\/pt\/wp-json\/wp\/v2\/product_brand?post=1229"},{"taxonomy":"product_cat","embeddable":true,"href":"https:\/\/pharmacy-tlv.com\/pt\/wp-json\/wp\/v2\/product_cat?post=1229"},{"taxonomy":"product_tag","embeddable":true,"href":"https:\/\/pharmacy-tlv.com\/pt\/wp-json\/wp\/v2\/product_tag?post=1229"}],"curies":[{"name":"wp","href":"https:\/\/api.w.org\/{rel}","templated":true}]}}