{"id":523,"date":"2025-05-08T18:52:51","date_gmt":"2025-05-08T18:52:51","guid":{"rendered":"https:\/\/pharmacy-tlv.com\/?page_id=523"},"modified":"2025-11-03T18:04:48","modified_gmt":"2025-11-03T18:04:48","slug":"delivery","status":"publish","type":"page","link":"https:\/\/pharmacy-tlv.com\/pt\/delivery\/","title":{"rendered":"Entrega"},"content":{"rendered":"<style>.elementor-523 .elementor-element.elementor-element-99391c6:not(.elementor-motion-effects-element-type-background), .elementor-523 .elementor-element.elementor-element-99391c6 > .elementor-motion-effects-container > .elementor-motion-effects-layer{background-image:url(\"https:\/\/mlz1smk5t7q7.i.optimole.com\/cb:lQg3.de6\/w:auto\/h:auto\/q:mauto\/https:\/\/pharmacy-tlv.com\/wp-content\/uploads\/2025\/04\/handsome-pharmacist-working-in-a-pharmacy.jpg\");background-position:0px 27%;background-repeat:no-repeat;background-size:cover;}.elementor-523 .elementor-element.elementor-element-99391c6 > .elementor-background-overlay{background-color:transparent;background-image:linear-gradient(340deg, #03419599 0%, #3EC3E1C4 90%);opacity:0.95;transition:background 0.3s, border-radius 0.3s, opacity 0.3s;}.elementor-523 .elementor-element.elementor-element-99391c6 > .elementor-container{max-width:1150px;}.elementor-523 .elementor-element.elementor-element-99391c6{transition:background 0.3s, border 0.3s, border-radius 0.3s, box-shadow 0.3s;margin-top:-45px;margin-bottom:0px;padding:100px 0px 50px 0px;}.elementor-523 .elementor-element.elementor-element-a0caf4a{text-align:center;}.elementor-523 .elementor-element.elementor-element-a0caf4a .elementor-heading-title{font-family:\"Hind Siliguri\", Sans-serif;font-size:55px;font-weight:600;text-transform:uppercase;line-height:1em;color:var( --e-global-color-3364412 );}.elementor-523 .elementor-element.elementor-element-723d3e9:not(.elementor-motion-effects-element-type-background), .elementor-523 .elementor-element.elementor-element-723d3e9 > .elementor-motion-effects-container > .elementor-motion-effects-layer{background-image:url(\"https:\/\/mlz1smk5t7q7.i.optimole.com\/cb:lQg3.de6\/w:auto\/h:auto\/q:mauto\/https:\/\/pharmacy-tlv.com\/wp-content\/uploads\/2025\/04\/background2.jpg\");background-position:center center;background-repeat:no-repeat;background-size:cover;}.elementor-523 .elementor-element.elementor-element-723d3e9 > .elementor-background-overlay{background-color:var( --e-global-color-f8d742f );opacity:0.8;transition:background 0.3s, border-radius 0.3s, opacity 0.3s;}.elementor-523 .elementor-element.elementor-element-723d3e9 > .elementor-container{max-width:1150px;}.elementor-523 .elementor-element.elementor-element-723d3e9{transition:background 0.3s, border 0.3s, border-radius 0.3s, box-shadow 0.3s;padding:100px 0px 100px 0px;}.elementor-523 .elementor-element.elementor-element-5aa8ce7.elementor-column > .elementor-widget-wrap{justify-content:center;}.elementor-523 .elementor-element.elementor-element-ed531d8 > .elementor-widget-container{margin:0px 0px -10px 0px;}.elementor-523 .elementor-element.elementor-element-ed531d8{text-align:center;}.elementor-523 .elementor-element.elementor-element-ed531d8 .elementor-heading-title{font-family:var( --e-global-typography-secondary-font-family ), Sans-serif;font-size:var( --e-global-typography-secondary-font-size );font-weight:var( --e-global-typography-secondary-font-weight );line-height:var( --e-global-typography-secondary-line-height );color:var( --e-global-color-primary );}.elementor-523 .elementor-element.elementor-element-18ecf35 > .elementor-widget-container{padding:0% 15% 0% 15%;}.elementor-523 .elementor-element.elementor-element-18ecf35{text-align:center;font-family:var( --e-global-typography-text-font-family ), Sans-serif;font-size:var( --e-global-typography-text-font-size );font-weight:var( --e-global-typography-text-font-weight );color:var( --e-global-color-c59a84f );}.elementor-523 .elementor-element.elementor-element-b466126{--display:flex;--margin-top:0px;--margin-bottom:0px;--margin-left:0px;--margin-right:0px;--padding-top:50px;--padding-bottom:50px;--padding-left:15px;--padding-right:15px;}.elementor-523 .elementor-element.elementor-element-3f33c65{text-align:center;font-family:var( --e-global-typography-text-font-family ), Sans-serif;font-size:var( --e-global-typography-text-font-size );font-weight:var( --e-global-typography-text-font-weight );color:var( --e-global-color-primary );}:root{--page-title-display:none;}@media(min-width:768px){.elementor-523 .elementor-element.elementor-element-b466126{--content-width:1150px;}}@media(max-width:1024px){.elementor-523 .elementor-element.elementor-element-99391c6:not(.elementor-motion-effects-element-type-background), .elementor-523 .elementor-element.elementor-element-99391c6 > .elementor-motion-effects-container > .elementor-motion-effects-layer{background-position:0px 0px;}.elementor-523 .elementor-element.elementor-element-99391c6{padding:150px 10px 100px 10px;}.elementor-523 .elementor-element.elementor-element-a0caf4a .elementor-heading-title{font-size:50px;}.elementor-523 .elementor-element.elementor-element-723d3e9{padding:80px 10px 80px 10px;}.elementor-523 .elementor-element.elementor-element-ed531d8 .elementor-heading-title{font-size:var( --e-global-typography-secondary-font-size );line-height:var( --e-global-typography-secondary-line-height );}.elementor-523 .elementor-element.elementor-element-18ecf35 > .elementor-widget-container{padding:0% 15% 0% 15%;}.elementor-523 .elementor-element.elementor-element-18ecf35{font-size:var( --e-global-typography-text-font-size );}.elementor-523 .elementor-element.elementor-element-3f33c65{font-size:var( --e-global-typography-text-font-size );}}@media(max-width:767px){.elementor-523 .elementor-element.elementor-element-99391c6:not(.elementor-motion-effects-element-type-background), .elementor-523 .elementor-element.elementor-element-99391c6 > .elementor-motion-effects-container > .elementor-motion-effects-layer{background-position:0px 0px;}.elementor-523 .elementor-element.elementor-element-99391c6{padding:60px 5px 10px 5px;}.elementor-523 .elementor-element.elementor-element-683ad19{width:100%;}.elementor-523 .elementor-element.elementor-element-a0caf4a{text-align:center;}.elementor-523 .elementor-element.elementor-element-a0caf4a .elementor-heading-title{font-size:28px;}.elementor-523 .elementor-element.elementor-element-723d3e9:not(.elementor-motion-effects-element-type-background), .elementor-523 .elementor-element.elementor-element-723d3e9 > .elementor-motion-effects-container > .elementor-motion-effects-layer{background-position:center center;background-size:cover;}.elementor-523 .elementor-element.elementor-element-723d3e9{padding:50px 5px 50px 5px;}.elementor-523 .elementor-element.elementor-element-ed531d8 .elementor-heading-title{font-size:var( --e-global-typography-secondary-font-size );line-height:var( --e-global-typography-secondary-line-height );}.elementor-523 .elementor-element.elementor-element-18ecf35 > .elementor-widget-container{padding:0px 0px 0px 0px;}.elementor-523 .elementor-element.elementor-element-18ecf35{font-size:var( --e-global-typography-text-font-size );}.elementor-523 .elementor-element.elementor-element-3f33c65{font-size:var( --e-global-typography-text-font-size );}}<\/style>\t\t<div data-elementor-type=\"wp-page\" data-elementor-id=\"523\" class=\"elementor elementor-523\" data-elementor-post-type=\"page\">\n\t\t\t\t\t\t<section class=\"elementor-section elementor-top-section elementor-element elementor-element-99391c6 elementor-section-boxed elementor-section-height-default elementor-section-height-default\" data-id=\"99391c6\" data-element_type=\"section\" data-settings=\"{&quot;background_background&quot;:&quot;classic&quot;}\">\n\t\t\t\t\t\t\t<div class=\"elementor-background-overlay\"><\/div>\n\t\t\t\t\t\t\t<div class=\"elementor-container elementor-column-gap-default\">\n\t\t\t\t\t<div class=\"elementor-column elementor-col-100 elementor-top-column elementor-element elementor-element-683ad19\" data-id=\"683ad19\" data-element_type=\"column\">\n\t\t\t<div class=\"elementor-widget-wrap elementor-element-populated\">\n\t\t\t\t\t\t<div class=\"elementor-element elementor-element-a0caf4a elementor-widget elementor-widget-heading\" data-id=\"a0caf4a\" data-element_type=\"widget\" data-widget_type=\"heading.default\">\n\t\t\t\t<div class=\"elementor-widget-container\">\n\t\t\t\t\t<h2 class=\"elementor-heading-title elementor-size-default\">Entrega<\/h2>\t\t\t\t<\/div>\n\t\t\t\t<\/div>\n\t\t\t\t\t<\/div>\n\t\t<\/div>\n\t\t\t\t\t<\/div>\n\t\t<\/section>\n\t\t\t\t<section class=\"elementor-section elementor-top-section elementor-element elementor-element-723d3e9 elementor-section-boxed elementor-section-height-default elementor-section-height-default\" data-id=\"723d3e9\" data-element_type=\"section\" data-settings=\"{&quot;background_background&quot;:&quot;classic&quot;}\">\n\t\t\t\t\t\t\t<div class=\"elementor-background-overlay\"><\/div>\n\t\t\t\t\t\t\t<div class=\"elementor-container elementor-column-gap-default\">\n\t\t\t\t\t<div class=\"elementor-column elementor-col-100 elementor-top-column elementor-element elementor-element-5aa8ce7\" data-id=\"5aa8ce7\" data-element_type=\"column\">\n\t\t\t<div class=\"elementor-widget-wrap elementor-element-populated\">\n\t\t\t\t\t\t<div class=\"elementor-element elementor-element-ed531d8 elementor-widget elementor-widget-heading\" data-id=\"ed531d8\" data-element_type=\"widget\" data-widget_type=\"heading.default\">\n\t\t\t\t<div class=\"elementor-widget-container\">\n\t\t\t\t\t<h2 class=\"elementor-heading-title elementor-size-default\">Quantidades m\u00ednimas de pedido para entrega gratuita<\/h2>\t\t\t\t<\/div>\n\t\t\t\t<\/div>\n\t\t\t\t<div class=\"elementor-element elementor-element-18ecf35 elementor-widget elementor-widget-text-editor\" data-id=\"18ecf35\" data-element_type=\"widget\" data-widget_type=\"text-editor.default\">\n\t\t\t\t<div class=\"elementor-widget-container\">\n\t\t\t\t\t\t\t\t\t<p>Todas as entregas s\u00e3o feitas de forma discreta e segura, com <strong>somente pagamento em dinheiro<\/strong> no momento da entrega. N\u00f3s nos orgulhamos de <strong>tempos de resposta r\u00e1pidos<\/strong> e proporcionar a melhor experi\u00eancia farmac\u00eautica poss\u00edvel em Israel.<\/p>\t\t\t\t\t\t\t\t<\/div>\n\t\t\t\t<\/div>\n\t\t\t\t<div class=\"elementor-element elementor-element-2d43cc0 elementor-widget elementor-widget-html\" data-id=\"2d43cc0\" data-element_type=\"widget\" data-widget_type=\"html.default\">\n\t\t\t\t<div class=\"elementor-widget-container\">\n\t\t\t\t\t<div class=\"delivery_wrapper\"> \r\n  <div class=\"delivery_group\">\r\n    <h4>A partir de 150 ILS \u2b07\ufe0f<\/h4>\r\n    <div><span>\ud83d\udccd<\/span> Ness Ziona<\/div>\r\n    <div><span>\ud83d\udccd<\/span> Rishon LeZion<\/div>\r\n    <div><span>\ud83d\udccd<\/span> Bat Yam<\/div>\r\n    <div><span>\ud83d\udccd<\/span> Holon<\/div>\r\n    <div><span>\ud83d\udccd<\/span> Azor<\/div>\r\n    <div><span>\ud83d\udccd<\/span> Tel Aviv<\/div>\r\n  <\/div>\r\n\r\n  <div class=\"delivery_group\">\r\n    <h4>A partir de 200 ILS \u2b07\ufe0f<\/h4>\r\n    <div><span>\ud83d\udccd<\/span> Rehovot<\/div>\r\n    <div><span>\ud83d\udccd<\/span> Ou Yehuda<\/div>\r\n    <div><span>\ud83d\udccd<\/span> Giv'atayim<\/div>\r\n    <div><span>\ud83d\udccd<\/span> Ramat Gan<\/div>\r\n  <\/div>\r\n\r\n  <div class=\"delivery_group\">\r\n    <h4>A partir de 300 ILS \u2b07\ufe0f<\/h4>\r\n    <div><span>\ud83d\udccd<\/span> Ramla<\/div>\r\n    <div><span>\ud83d\udccd<\/span> Lod<\/div>\r\n  <\/div>\r\n\r\n  <div class=\"delivery_group\">\r\n    <h4>A partir de 400 ILS \u2b07\ufe0f<\/h4>\r\n    <div><span>\ud83d\udccd<\/span> Herzliya<\/div>\r\n    <div><span>\ud83d\udccd<\/span> Petah Tikva<\/div>\r\n    <div><span>\ud83d\udccd<\/span> Gedera<\/div>\r\n    <div><span>\ud83d\udccd<\/span> Yavne<\/div>\r\n  <\/div>\r\n\r\n  <div class=\"delivery_group\">\r\n    <h4>A partir de 600 ILS \u2b07\ufe0f<\/h4>\r\n    <div><span>\ud83d\udccd<\/span> Ashdod<\/div>\r\n        <div><span>\ud83d\udccd<\/span> Modi'in<\/div>\r\n  <\/div>\r\n<\/div>\r\n\r\n<style>\r\n  .delivery_wrapper {\r\n    display: flex;\r\n    gap: 20px;\r\n    justify-content: space-between;\r\n    max-width: 1200px;\r\n    margin: auto;\r\n    flex-wrap: wrap;\r\n  }\r\n\r\n  .delivery_group {\r\n    flex: 1 1 200px;\r\n    min-width: 200px;\r\n  }\r\n\r\n  .delivery_group h4 {\r\n    font-size: 18px;\r\n    margin-bottom: 10px;\r\n    color: #222;\r\n  }\r\n\r\n  .delivery_group div {\r\n    margin-bottom: 6px;\r\n    font-size: 15px;\r\n    display: flex;\r\n    align-items: center;\r\n    color: #111;\r\n  }\r\n\r\n  .delivery_group span {\r\n    margin-right: 6px;\r\n  }\r\n\r\n  @media (max-width: 768px) {\r\n\r\n    .delivery_group {\r\n      width: 100%;\r\n    }\r\n  }\r\n<\/style>\r\n\t\t\t\t<\/div>\n\t\t\t\t<\/div>\n\t\t\t\t\t<\/div>\n\t\t<\/div>\n\t\t\t\t\t<\/div>\n\t\t<\/section>\n\t\t<div class=\"elementor-element elementor-element-b466126 e-flex e-con-boxed e-con e-parent\" data-id=\"b466126\" data-element_type=\"container\">\n\t\t\t\t\t<div class=\"e-con-inner\">\n\t\t\t\t<div class=\"elementor-element elementor-element-3f33c65 elementor-widget elementor-widget-text-editor\" data-id=\"3f33c65\" data-element_type=\"widget\" data-widget_type=\"text-editor.default\">\n\t\t\t\t<div class=\"elementor-widget-container\">\n\t\t\t\t\t\t\t\t\t<p>Fornecemos <strong>entrega expressa no mesmo dia<\/strong> para todos os pedidos qualificados, garantindo que voc\u00ea receba seus medicamentos o mais r\u00e1pido poss\u00edvel. A entrega \u00e9 totalmente <strong>gratuito<\/strong> para pedidos qualificados, e oferecemos v\u00e1rias op\u00e7\u00f5es de entrega de acordo com sua localiza\u00e7\u00e3o.<\/p>\t\t\t\t\t\t\t\t<\/div>\n\t\t\t\t<\/div>\n\t\t\t\t\t<\/div>\n\t\t\t\t<\/div>\n\t\t\t\t<\/div>","protected":false},"excerpt":{"rendered":"<p>Delivery Minimum Order Amounts for Free Delivery All deliveries are handled discreetly and securely, with cash payment only at the time of delivery. We pride ourselves on fast response times and providing the best possible pharmacy experience in Israel. From 150 ILS \u2b07\ufe0f \ud83d\udccd Ness Ziona \ud83d\udccd Rishon LeZion \ud83d\udccd Bat Yam \ud83d\udccd Holon \ud83d\udccd [&hellip;]<\/p>","protected":false},"author":1,"featured_media":0,"parent":0,"menu_order":6,"comment_status":"closed","ping_status":"closed","template":"","meta":{"footnotes":""},"class_list":["post-523","page","type-page","status-publish","hentry"],"yoast_head":"<!-- This site is optimized with the Yoast SEO plugin v25.1 - https:\/\/yoast.com\/wordpress\/plugins\/seo\/ -->\n<title>Delivery Information - Pharmacy TLV<\/title>\n<meta name=\"description\" content=\"Learn about our fast and discreet delivery service across Israel. Free delivery available based onorder amount and location\" \/>\n<meta name=\"robots\" content=\"index, follow, max-snippet:-1, max-image-preview:large, max-video-preview:-1\" \/>\n<link rel=\"canonical\" href=\"https:\/\/pharmacy-tlv.com\/pt\/delivery\/\" \/>\n<meta property=\"og:locale\" content=\"pt_BR\" \/>\n<meta property=\"og:type\" content=\"article\" \/>\n<meta property=\"og:title\" content=\"Delivery Information - Pharmacy TLV\" \/>\n<meta property=\"og:description\" content=\"Learn about our fast and discreet delivery service across Israel. Free delivery available based onorder amount and location\" \/>\n<meta property=\"og:url\" content=\"https:\/\/pharmacy-tlv.com\/pt\/delivery\/\" \/>\n<meta property=\"og:site_name\" content=\"Pharmacy TLV\" \/>\n<meta property=\"article:modified_time\" content=\"2025-11-03T18:04:48+00:00\" \/>\n<meta property=\"og:image\" content=\"https:\/\/mlz1smk5t7q7.i.optimole.com\/cb:lQg3.de6\/w:auto\/h:auto\/q:mauto\/https:\/\/pharmacy-tlv.com\/wp-content\/uploads\/2025\/04\/pharmacy.png\" \/>\n\t<meta property=\"og:image:width\" content=\"800\" \/>\n\t<meta property=\"og:image:height\" content=\"150\" \/>\n\t<meta property=\"og:image:type\" content=\"image\/png\" \/>\n<meta name=\"twitter:card\" content=\"summary_large_image\" \/>\n<meta name=\"twitter:label1\" content=\"Est. tempo de leitura\" \/>\n\t<meta name=\"twitter:data1\" content=\"1 minuto\" \/>\n<script type=\"application\/ld+json\" class=\"yoast-schema-graph\">{\"@context\":\"https:\/\/schema.org\",\"@graph\":[{\"@type\":\"WebPage\",\"@id\":\"https:\/\/pharmacy-tlv.com\/delivery\/\",\"url\":\"https:\/\/pharmacy-tlv.com\/delivery\/\",\"name\":\"Delivery Information - Pharmacy TLV\",\"isPartOf\":{\"@id\":\"https:\/\/pharmacy-tlv.com\/#website\"},\"datePublished\":\"2025-05-08T18:52:51+00:00\",\"dateModified\":\"2025-11-03T18:04:48+00:00\",\"description\":\"Learn about our fast and discreet delivery service across Israel. Free delivery available based onorder amount and location\",\"breadcrumb\":{\"@id\":\"https:\/\/pharmacy-tlv.com\/delivery\/#breadcrumb\"},\"inLanguage\":\"pt-BR\",\"potentialAction\":[{\"@type\":\"ReadAction\",\"target\":[\"https:\/\/pharmacy-tlv.com\/delivery\/\"]}]},{\"@type\":\"BreadcrumbList\",\"@id\":\"https:\/\/pharmacy-tlv.com\/delivery\/#breadcrumb\",\"itemListElement\":[{\"@type\":\"ListItem\",\"position\":1,\"name\":\"Home\",\"item\":\"https:\/\/pharmacy-tlv.com\/\"},{\"@type\":\"ListItem\",\"position\":2,\"name\":\"Delivery\"}]},{\"@type\":\"WebSite\",\"@id\":\"https:\/\/pharmacy-tlv.com\/#website\",\"url\":\"https:\/\/pharmacy-tlv.com\/\",\"name\":\"Pharmacy TLV\",\"description\":\"Trusted Israeli Medications\",\"publisher\":{\"@id\":\"https:\/\/pharmacy-tlv.com\/#organization\"},\"alternateName\":\"Pharmacy-TLV\",\"potentialAction\":[{\"@type\":\"SearchAction\",\"target\":{\"@type\":\"EntryPoint\",\"urlTemplate\":\"https:\/\/pharmacy-tlv.com\/?s={search_term_string}\"},\"query-input\":{\"@type\":\"PropertyValueSpecification\",\"valueRequired\":true,\"valueName\":\"search_term_string\"}}],\"inLanguage\":\"pt-BR\"},{\"@type\":\"Organization\",\"@id\":\"https:\/\/pharmacy-tlv.com\/#organization\",\"name\":\"Pharmacy TLV\",\"alternateName\":\"Pharmacy-TLV\",\"url\":\"https:\/\/pharmacy-tlv.com\/\",\"logo\":{\"@type\":\"ImageObject\",\"inLanguage\":\"pt-BR\",\"@id\":\"https:\/\/pharmacy-tlv.com\/#\/schema\/logo\/image\/\",\"url\":\"https:\/\/mlz1smk5t7q7.i.optimole.com\/cb:lQg3.de6\/w:auto\/h:auto\/q:mauto\/https:\/\/pharmacy-tlv.com\/wp-content\/uploads\/2025\/05\/pharmacy-white.png\",\"contentUrl\":\"https:\/\/mlz1smk5t7q7.i.optimole.com\/cb:lQg3.de6\/w:auto\/h:auto\/q:mauto\/https:\/\/pharmacy-tlv.com\/wp-content\/uploads\/2025\/05\/pharmacy-white.png\",\"width\":500,\"height\":500,\"caption\":\"Pharmacy TLV\"},\"image\":{\"@id\":\"https:\/\/pharmacy-tlv.com\/#\/schema\/logo\/image\/\"}}]}<\/script>\n<!-- \/ Yoast SEO plugin. -->","yoast_head_json":{"title":"Informa\u00e7\u00f5es de entrega - Pharmacy TLV","description":"Saiba mais sobre nosso servi\u00e7o de entrega r\u00e1pida e discreta em Israel. Entrega gratuita dispon\u00edvel com base no valor do pedido e na localiza\u00e7\u00e3o","robots":{"index":"index","follow":"follow","max-snippet":"max-snippet:-1","max-image-preview":"max-image-preview:large","max-video-preview":"max-video-preview:-1"},"canonical":"https:\/\/pharmacy-tlv.com\/pt\/delivery\/","og_locale":"pt_BR","og_type":"article","og_title":"Delivery Information - Pharmacy TLV","og_description":"Learn about our fast and discreet delivery service across Israel. Free delivery available based onorder amount and location","og_url":"https:\/\/pharmacy-tlv.com\/pt\/delivery\/","og_site_name":"Pharmacy TLV","article_modified_time":"2025-11-03T18:04:48+00:00","og_image":[{"width":800,"height":150,"url":"https:\/\/mlz1smk5t7q7.i.optimole.com\/cb:lQg3.de6\/w:auto\/h:auto\/q:mauto\/https:\/\/pharmacy-tlv.com\/wp-content\/uploads\/2025\/04\/pharmacy.png","type":"image\/png"}],"twitter_card":"summary_large_image","twitter_misc":{"Est. tempo de leitura":"1 minuto"},"schema":{"@context":"https:\/\/schema.org","@graph":[{"@type":"WebPage","@id":"https:\/\/pharmacy-tlv.com\/delivery\/","url":"https:\/\/pharmacy-tlv.com\/delivery\/","name":"Informa\u00e7\u00f5es de entrega - Pharmacy TLV","isPartOf":{"@id":"https:\/\/pharmacy-tlv.com\/#website"},"datePublished":"2025-05-08T18:52:51+00:00","dateModified":"2025-11-03T18:04:48+00:00","description":"Saiba mais sobre nosso servi\u00e7o de entrega r\u00e1pida e discreta em Israel. Entrega gratuita dispon\u00edvel com base no valor do pedido e na localiza\u00e7\u00e3o","breadcrumb":{"@id":"https:\/\/pharmacy-tlv.com\/delivery\/#breadcrumb"},"inLanguage":"pt-BR","potentialAction":[{"@type":"ReadAction","target":["https:\/\/pharmacy-tlv.com\/delivery\/"]}]},{"@type":"BreadcrumbList","@id":"https:\/\/pharmacy-tlv.com\/delivery\/#breadcrumb","itemListElement":[{"@type":"ListItem","position":1,"name":"Home","item":"https:\/\/pharmacy-tlv.com\/"},{"@type":"ListItem","position":2,"name":"Delivery"}]},{"@type":"WebSite","@id":"https:\/\/pharmacy-tlv.com\/#website","url":"https:\/\/pharmacy-tlv.com\/","name":"Farm\u00e1cia TLV","description":"Medicamentos israelenses de confian\u00e7a","publisher":{"@id":"https:\/\/pharmacy-tlv.com\/#organization"},"alternateName":"Pharmacy-TLV","potentialAction":[{"@type":"SearchAction","target":{"@type":"EntryPoint","urlTemplate":"https:\/\/pharmacy-tlv.com\/?s={search_term_string}"},"query-input":{"@type":"PropertyValueSpecification","valueRequired":true,"valueName":"search_term_string"}}],"inLanguage":"pt-BR"},{"@type":"Organization","@id":"https:\/\/pharmacy-tlv.com\/#organization","name":"Farm\u00e1cia TLV","alternateName":"Pharmacy-TLV","url":"https:\/\/pharmacy-tlv.com\/","logo":{"@type":"ImageObject","inLanguage":"pt-BR","@id":"https:\/\/pharmacy-tlv.com\/#\/schema\/logo\/image\/","url":"https:\/\/mlz1smk5t7q7.i.optimole.com\/cb:lQg3.de6\/w:auto\/h:auto\/q:mauto\/https:\/\/pharmacy-tlv.com\/wp-content\/uploads\/2025\/05\/pharmacy-white.png","contentUrl":"https:\/\/mlz1smk5t7q7.i.optimole.com\/cb:lQg3.de6\/w:auto\/h:auto\/q:mauto\/https:\/\/pharmacy-tlv.com\/wp-content\/uploads\/2025\/05\/pharmacy-white.png","width":500,"height":500,"caption":"Pharmacy TLV"},"image":{"@id":"https:\/\/pharmacy-tlv.com\/#\/schema\/logo\/image\/"}}]}},"_links":{"self":[{"href":"https:\/\/pharmacy-tlv.com\/pt\/wp-json\/wp\/v2\/pages\/523","targetHints":{"allow":["GET"]}}],"collection":[{"href":"https:\/\/pharmacy-tlv.com\/pt\/wp-json\/wp\/v2\/pages"}],"about":[{"href":"https:\/\/pharmacy-tlv.com\/pt\/wp-json\/wp\/v2\/types\/page"}],"author":[{"embeddable":true,"href":"https:\/\/pharmacy-tlv.com\/pt\/wp-json\/wp\/v2\/users\/1"}],"replies":[{"embeddable":true,"href":"https:\/\/pharmacy-tlv.com\/pt\/wp-json\/wp\/v2\/comments?post=523"}],"version-history":[{"count":52,"href":"https:\/\/pharmacy-tlv.com\/pt\/wp-json\/wp\/v2\/pages\/523\/revisions"}],"predecessor-version":[{"id":2511,"href":"https:\/\/pharmacy-tlv.com\/pt\/wp-json\/wp\/v2\/pages\/523\/revisions\/2511"}],"wp:attachment":[{"href":"https:\/\/pharmacy-tlv.com\/pt\/wp-json\/wp\/v2\/media?parent=523"}],"curies":[{"name":"wp","href":"https:\/\/api.w.org\/{rel}","templated":true}]}}